{"id":3017,"date":"2023-02-17T10:02:42","date_gmt":"2023-02-17T09:02:42","guid":{"rendered":"https:\/\/camping50plus.com\/?page_id=3017"},"modified":"2025-11-06T17:25:00","modified_gmt":"2025-11-06T16:25:00","slug":"arrivee","status":"publish","type":"page","link":"https:\/\/camping50plus.com\/fr\/arrivee\/","title":{"rendered":"Arriv\u00e9e"},"content":{"rendered":"<div data-elementor-type=\"wp-page\" data-elementor-id=\"3017\" class=\"elementor elementor-3017\" data-elementor-post-type=\"page\">\n\t\t\t\t<div class=\"elementor-element elementor-element-50fba79a e-con-full e-flex e-con e-parent\" data-id=\"50fba79a\" data-element_type=\"container\" data-e-type=\"container\" data-settings=\"{&quot;background_background&quot;:&quot;classic&quot;}\">\n\t\t\t\t<\/div>\n\t\t<div class=\"elementor-element elementor-element-e957cf8 e-con-full e-flex e-con e-parent\" data-id=\"e957cf8\" data-element_type=\"container\" data-e-type=\"container\">\n\t\t\t\t<div class=\"elementor-element elementor-element-f1b732a elementor-widget elementor-widget-heading\" data-id=\"f1b732a\" data-element_type=\"widget\" data-e-type=\"widget\" data-widget_type=\"heading.default\">\n\t\t\t\t<div class=\"elementor-widget-container\">\n\t\t\t\t\t<h1 class=\"elementor-heading-title elementor-size-default\">Votre chemin vers les vacances en camping<\/h1>\t\t\t\t<\/div>\n\t\t\t\t<\/div>\n\t\t\t\t<div class=\"elementor-element elementor-element-d044788 elementor-widget elementor-widget-text-editor\" data-id=\"d044788\" data-element_type=\"widget\" data-e-type=\"widget\" data-widget_type=\"text-editor.default\">\n\t\t\t\t<div class=\"elementor-widget-container\">\n\t\t\t\t\t\t\t\t\t<div class=\"page\" title=\"Page 19\"><div class=\"layoutArea\"><div class=\"column\"><p>Nous sommes ici en pleine nature et pourtant pas isol\u00e9s, car gr\u00e2ce \u00e0 sa situation centrale<br \/>notre camping park est le point de d\u00e9part id\u00e9al pour vos vacances en camping.<\/p><\/div><\/div><\/div>\t\t\t\t\t\t\t\t<\/div>\n\t\t\t\t<\/div>\n\t\t\t\t<\/div>\n\t\t<div class=\"elementor-element elementor-element-156e5ddb e-con-full e-flex e-con e-parent\" data-id=\"156e5ddb\" data-element_type=\"container\" data-e-type=\"container\">\n\t\t<div class=\"elementor-element elementor-element-44e37546 e-con-full e-flex e-con e-child\" data-id=\"44e37546\" data-element_type=\"container\" data-e-type=\"container\" data-settings=\"{&quot;background_background&quot;:&quot;classic&quot;}\">\n\t\t\t\t<div class=\"elementor-element elementor-element-7bc84ebd elementor-widget elementor-widget-heading\" data-id=\"7bc84ebd\" data-element_type=\"widget\" data-e-type=\"widget\" data-widget_type=\"heading.default\">\n\t\t\t\t<div class=\"elementor-widget-container\">\n\t\t\t\t\t<h2 class=\"elementor-heading-title elementor-size-default\">Plan d'acc\u00e8s<br>description<\/h2>\t\t\t\t<\/div>\n\t\t\t\t<\/div>\n\t\t\t\t<div class=\"elementor-element elementor-element-59750a2e elementor-widget elementor-widget-text-editor\" data-id=\"59750a2e\" data-element_type=\"widget\" data-e-type=\"widget\" data-widget_type=\"text-editor.default\">\n\t\t\t\t<div class=\"elementor-widget-container\">\n\t\t\t\t\t\t\t\t\t<p class=\"st-hover\"><strong>En venant de Vienne<\/strong>\u00a0S36 Murtal Schnellstra\u00dfe - sortie Zeltweg West - rond-point direction Obdach B78 - au rond-point pr\u00e8s de Wei\u00dfkirchen - sortie Fisching - suivre la route.<\/p><p><strong>En provenance de Klagenfurt<\/strong>A2 S\u00fcdautobahn - sortie Bad St. Leonhard - continuer sur la B78 Obdacher Bundesstra\u00dfe - au rond-point pr\u00e8s de Wei\u00dfkirchen - sortie Fisching - suivre la route<\/p><p><strong>En provenance de Gaberl :<\/strong>\u00a0B77 Gaberl Bundesstra\u00dfe - dans la localit\u00e9 de Wei\u00dfkirchen \u00e0 droite - dans la localit\u00e9 de Fisching<\/p>\t\t\t\t\t\t\t\t<\/div>\n\t\t\t\t<\/div>\n\t\t\t\t<\/div>\n\t\t<div class=\"elementor-element elementor-element-4c84dd81 e-con-full e-flex e-con e-child\" data-id=\"4c84dd81\" data-element_type=\"container\" data-e-type=\"container\">\n\t\t\t\t<div class=\"elementor-element elementor-element-9a64fd5 elementor-widget elementor-widget-google_maps\" data-id=\"9a64fd5\" data-element_type=\"widget\" data-e-type=\"widget\" data-widget_type=\"google_maps.default\">\n\t\t\t\t<div class=\"elementor-widget-container\">\n\t\t\t\t\t\t\t<div class=\"elementor-custom-embed\">\n\t\t\t<div class=\"BorlabsCookie _brlbs-cb-googlemaps\"><div class=\"_brlbs-content-blocker\"> <div class=\"_brlbs-embed _brlbs-google-maps\"> <img data-recalc-dims=\"1\" decoding=\"async\" class=\"_brlbs-thumbnail\" src=\"https:\/\/i0.wp.com\/camping50plus.com\/wp-content\/plugins\/borlabs-cookie\/assets\/images\/cb-maps.png?w=800&#038;ssl=1\" alt=\"Google Maps\"> <div class=\"_brlbs-caption\"> <p>En chargeant la carte, vous acceptez la d\u00e9claration de confidentialit\u00e9 de Google.<br><a href=\"https:\/\/policies.google.com\/privacy\" target=\"_blank\" rel=\"nofollow noopener noreferrer\">En savoir plus<\/a><\/p> <p><a class=\"_brlbs-btn\" href=\"#\" data-borlabs-cookie-unblock role=\"button\">Charger la carte<\/a><\/p> <p><label><input type=\"checkbox\" name=\"unblockAll\" value=\"1\" checked> <small>Toujours d\u00e9verrouiller Google Maps<\/small><\/label><\/p> <\/div> <\/div> <\/div><div class=\"borlabs-hide\" data-borlabs-cookie-type=\"content-blocker\" data-borlabs-cookie-id=\"googlemaps\"><script type=\"text\/template\">PGlmcmFtZSBsb2FkaW5nPSJsYXp5IgoJCQkJCXNyYz0iaHR0cHM6Ly9tYXBzLmdvb2dsZS5jb20vbWFwcz9xPTUwcGx1cyUyMGNhbXBpbmdwYXJrJTIwRmlzY2hpbmcmIzAzODt0PW0mIzAzODt6PTEwJiMwMzg7b3V0cHV0PWVtYmVkJiMwMzg7aXdsb2M9bmVhciIKCQkJCQl0aXRsZT0iNTBwbHVzIGNhbXBpbmdwYXJrIEZpc2NoaW5nIgoJCQkJCWFyaWEtbGFiZWw9IjUwcGx1cyBjYW1waW5ncGFyayBGaXNjaGluZyIKCQkJPjwvaWZyYW1lPg==<\/script><\/div><\/div>\n\t\t<\/div>\n\t\t\t\t\t\t<\/div>\n\t\t\t\t<\/div>\n\t\t\t\t<\/div>\n\t\t\t\t<\/div>\n\t\t<div class=\"elementor-element elementor-element-e09eac5 e-con-full e-flex e-con e-parent\" data-id=\"e09eac5\" data-element_type=\"container\" data-e-type=\"container\" data-settings=\"{&quot;background_background&quot;:&quot;classic&quot;}\">\n\t\t\t\t<div class=\"elementor-element elementor-element-5facc7f elementor-widget elementor-widget-heading\" data-id=\"5facc7f\" data-element_type=\"widget\" data-e-type=\"widget\" data-widget_type=\"heading.default\">\n\t\t\t\t<div class=\"elementor-widget-container\">\n\t\t\t\t\t<h2 class=\"elementor-heading-title elementor-size-default\">Informations utiles :<\/h2>\t\t\t\t<\/div>\n\t\t\t\t<\/div>\n\t\t\t\t<div class=\"elementor-element elementor-element-180b9af elementor-widget elementor-widget-text-editor\" data-id=\"180b9af\" data-element_type=\"widget\" data-e-type=\"widget\" data-widget_type=\"text-editor.default\">\n\t\t\t\t<div class=\"elementor-widget-container\">\n\t\t\t\t\t\t\t\t\t<p><strong>Inscription \/ Arriv\u00e9e :\u00a0\u00a0\u00a0<\/strong>de 14:00 \u00e0 20:00 heures<br \/><strong>Annulation \/ D\u00e9part :\u00a0\u00a0\u00a0<\/strong>de 07:00 \u00e0 12:00 heures<\/p><p><strong>Pause de midi de 12.00 \u00e0 14.00 heures - r\u00e9ception ferm\u00e9e !<\/strong><br \/>Si vous souhaitez arriver ou partir en dehors de ces horaires, veuillez nous contacter au +43-3577-82284. Merci beaucoup !<\/p>\t\t\t\t\t\t\t\t<\/div>\n\t\t\t\t<\/div>\n\t\t\t\t<\/div>\n\t\t<div class=\"elementor-element elementor-element-6f6575a e-flex e-con-boxed e-con e-parent\" data-id=\"6f6575a\" data-element_type=\"container\" data-e-type=\"container\" data-settings=\"{&quot;background_background&quot;:&quot;classic&quot;}\">\n\t\t\t\t\t<div class=\"e-con-inner\">\n\t\t<div class=\"elementor-element elementor-element-2707ef3 e-con-full e-flex e-con e-child\" data-id=\"2707ef3\" data-element_type=\"container\" data-e-type=\"container\" data-settings=\"{&quot;background_background&quot;:&quot;classic&quot;}\">\n\t\t\t\t<div class=\"elementor-element elementor-element-8e41c4e elementor-widget elementor-widget-heading\" data-id=\"8e41c4e\" data-element_type=\"widget\" data-e-type=\"widget\" data-widget_type=\"heading.default\">\n\t\t\t\t<div class=\"elementor-widget-container\">\n\t\t\t\t\t<h2 class=\"elementor-heading-title elementor-size-default\">Donn\u00e9es pour le syst\u00e8me de navigation :<\/h2>\t\t\t\t<\/div>\n\t\t\t\t<\/div>\n\t\t\t\t<div class=\"elementor-element elementor-element-c78253b elementor-widget elementor-widget-text-editor\" data-id=\"c78253b\" data-element_type=\"widget\" data-e-type=\"widget\" data-widget_type=\"text-editor.default\">\n\t\t\t\t<div class=\"elementor-widget-container\">\n\t\t\t\t\t\t\t\t\t<p>Lieu : Wei\u00dfkirchen<br \/>Rue : Fisching 9<\/p><p><strong>GPS<\/strong><br \/>N 47\u00b009`46\"<br \/>E 14\u00b044`17\"<\/p><p>ou<\/p><p>N 47,1627778<br \/>E 14,7380555<\/p><p><strong>What3words<\/strong><\/p><p>Carnet d'adresses entrer.coll\u00e8ges<\/p>\t\t\t\t\t\t\t\t<\/div>\n\t\t\t\t<\/div>\n\t\t\t\t<\/div>\n\t\t<div class=\"elementor-element elementor-element-baad9e8 e-con-full e-flex e-con e-child\" data-id=\"baad9e8\" data-element_type=\"container\" data-e-type=\"container\" data-settings=\"{&quot;background_background&quot;:&quot;classic&quot;}\">\n\t\t\t\t<div class=\"elementor-element elementor-element-57d05bc elementor-widget elementor-widget-image\" data-id=\"57d05bc\" data-element_type=\"widget\" data-e-type=\"widget\" data-widget_type=\"image.default\">\n\t\t\t\t<div class=\"elementor-widget-container\">\n\t\t\t\t\t\t\t\t\t\t\t\t\t\t\t<img fetchpriority=\"high\" decoding=\"async\" data-attachment-id=\"7985\" data-permalink=\"https:\/\/camping50plus.com\/fr\/spinne_zirbenland\/\" data-orig-file=\"https:\/\/i0.wp.com\/camping50plus.com\/wp-content\/uploads\/2023\/06\/spinne_zirbenland.webp?fit=638%2C500&amp;ssl=1\" data-orig-size=\"638,500\" data-comments-opened=\"1\" data-image-meta=\"{&quot;aperture&quot;:&quot;0&quot;,&quot;credit&quot;:&quot;&quot;,&quot;camera&quot;:&quot;&quot;,&quot;caption&quot;:&quot;&quot;,&quot;created_timestamp&quot;:&quot;0&quot;,&quot;copyright&quot;:&quot;&quot;,&quot;focal_length&quot;:&quot;0&quot;,&quot;iso&quot;:&quot;0&quot;,&quot;shutter_speed&quot;:&quot;0&quot;,&quot;title&quot;:&quot;&quot;,&quot;orientation&quot;:&quot;0&quot;}\" data-image-title=\"Anreise 50plus Campingpark Fisching\" data-image-description=\"\" data-image-caption=\"&lt;p&gt;Alle Tipps zu Anreise. F\u00fcr unseren Campingplatz neben Spielberg, Zeltweg&lt;\/p&gt;\" data-large-file=\"https:\/\/i0.wp.com\/camping50plus.com\/wp-content\/uploads\/2023\/06\/spinne_zirbenland.webp?fit=638%2C500&amp;ssl=1\" width=\"638\" height=\"500\" src=\"https:\/\/i0.wp.com\/camping50plus.com\/wp-content\/uploads\/2023\/06\/spinne_zirbenland.webp?fit=638%2C500&amp;ssl=1\" class=\"attachment-full size-full wp-image-7985\" alt=\"Arriv\u00e9e 50plus Campingpark Fisching\" srcset=\"https:\/\/i0.wp.com\/camping50plus.com\/wp-content\/uploads\/2023\/06\/spinne_zirbenland.webp?w=638&amp;ssl=1 638w, https:\/\/i0.wp.com\/camping50plus.com\/wp-content\/uploads\/2023\/06\/spinne_zirbenland.webp?resize=300%2C235&amp;ssl=1 300w\" sizes=\"(max-width: 638px) 100vw, 638px\" \/>\t\t\t\t\t\t\t\t\t\t\t\t\t\t\t<\/div>\n\t\t\t\t<\/div>\n\t\t\t\t<\/div>\n\t\t\t\t\t<\/div>\n\t\t\t\t<\/div>\n\t\t<div class=\"elementor-element elementor-element-713b235 e-flex e-con-boxed e-con e-parent\" data-id=\"713b235\" data-element_type=\"container\" data-e-type=\"container\" data-settings=\"{&quot;background_background&quot;:&quot;classic&quot;}\">\n\t\t\t\t\t<div class=\"e-con-inner\">\n\t\t\t\t<div class=\"elementor-element elementor-element-d02abe3 elementor-widget elementor-widget-image\" data-id=\"d02abe3\" data-element_type=\"widget\" data-e-type=\"widget\" data-widget_type=\"image.default\">\n\t\t\t\t<div class=\"elementor-widget-container\">\n\t\t\t\t\t\t\t\t\t\t\t\t\t\t\t<img data-recalc-dims=\"1\" decoding=\"async\" src=\"https:\/\/i0.wp.com\/camping50plus.com\/wp-content\/uploads\/elementor\/thumbs\/Bernd-neu-3.0-q58rspsso3j1cg2fe9dlu6qrajoza52mz1fpvoswgs.webp?w=800&#038;ssl=1\" title=\"Bernd Pfandl\" alt=\"Bernd Pfandl\" loading=\"lazy\" \/>\t\t\t\t\t\t\t\t\t\t\t\t\t\t\t<\/div>\n\t\t\t\t<\/div>\n\t\t\t\t<div class=\"elementor-element elementor-element-50fbb75 elementor-widget elementor-widget-heading\" data-id=\"50fbb75\" data-element_type=\"widget\" data-e-type=\"widget\" data-widget_type=\"heading.default\">\n\t\t\t\t<div class=\"elementor-widget-container\">\n\t\t\t\t\t<h3 class=\"elementor-heading-title elementor-size-default\">Nous nous r\u00e9jouissons de vous accueillir bient\u00f4t chez nous.<\/h3>\t\t\t\t<\/div>\n\t\t\t\t<\/div>\n\t\t\t\t\t<\/div>\n\t\t\t\t<\/div>\n\t\t<div class=\"elementor-element elementor-element-a3311ae e-con-full e-flex e-con e-parent\" data-id=\"a3311ae\" data-element_type=\"container\" data-e-type=\"container\">\n\t\t<div class=\"elementor-element elementor-element-057a6ac e-con-full e-flex e-con e-child\" data-id=\"057a6ac\" data-element_type=\"container\" data-e-type=\"container\" data-settings=\"{&quot;background_background&quot;:&quot;classic&quot;}\">\n\t\t\t\t<div class=\"elementor-element elementor-element-8083be4 elementor-widget elementor-widget-heading\" data-id=\"8083be4\" data-element_type=\"widget\" data-e-type=\"widget\" data-widget_type=\"heading.default\">\n\t\t\t\t<div class=\"elementor-widget-container\">\n\t\t\t\t\t<h3 class=\"elementor-heading-title elementor-size-default\"><a href=\"https:\/\/camping50plus.com\/fr\/histoire\/\">Acc\u00e8s public<\/a><\/h3>\t\t\t\t<\/div>\n\t\t\t\t<\/div>\n\t\t\t\t<div class=\"elementor-element elementor-element-0f7efd1 elementor-widget elementor-widget-text-editor\" data-id=\"0f7efd1\" data-element_type=\"widget\" data-e-type=\"widget\" data-widget_type=\"text-editor.default\">\n\t\t\t\t<div class=\"elementor-widget-container\">\n\t\t\t\t\t\t\t\t\t<p style=\"font-weight: 400;\">Votre arriv\u00e9e au 50plus Campingpark Fisching avec les transports en commun Arriver de mani\u00e8re durable - partir en toute d\u00e9contraction.<\/p><p>Vous souhaitez vous rendre chez nous de mani\u00e8re confortable et \u00e9cologique ?<\/p><p>Le 50plus Campingpark Fisching est accessible en train et en bus de la mani\u00e8re suivante. Ainsi, vos vacances commencent sans stress - sans embouteillages, sans recherche de place de parking ou sans longs trajets.<\/p>\t\t\t\t\t\t\t\t<\/div>\n\t\t\t\t<\/div>\n\t\t\t\t<div class=\"elementor-element elementor-element-b268447 elementor-align-left elementor-hidden-mobile elementor-tablet-align-center elementor-widget elementor-widget-button\" data-id=\"b268447\" data-element_type=\"widget\" data-e-type=\"widget\" data-widget_type=\"button.default\">\n\t\t\t\t<div class=\"elementor-widget-container\">\n\t\t\t\t\t\t\t\t\t<div class=\"elementor-button-wrapper\">\n\t\t\t\t\t<a class=\"elementor-button elementor-button-link elementor-size-md elementor-animation-grow\" href=\"https:\/\/camping50plus.com\/fr\/transport-public\/\">\n\t\t\t\t\t\t<span class=\"elementor-button-content-wrapper\">\n\t\t\t\t\t\t\t\t\t<span class=\"elementor-button-text\">Plus d'infos<\/span>\n\t\t\t\t\t<\/span>\n\t\t\t\t\t<\/a>\n\t\t\t\t<\/div>\n\t\t\t\t\t\t\t\t<\/div>\n\t\t\t\t<\/div>\n\t\t\t\t<div class=\"elementor-element elementor-element-eb2eb6a elementor-align-center elementor-hidden-desktop elementor-hidden-tablet elementor-widget elementor-widget-button\" data-id=\"eb2eb6a\" data-element_type=\"widget\" data-e-type=\"widget\" data-widget_type=\"button.default\">\n\t\t\t\t<div class=\"elementor-widget-container\">\n\t\t\t\t\t\t\t\t\t<div class=\"elementor-button-wrapper\">\n\t\t\t\t\t<a class=\"elementor-button elementor-button-link elementor-size-md elementor-animation-grow\" href=\"https:\/\/camping50plus.com\/fr\/transport-public\/\">\n\t\t\t\t\t\t<span class=\"elementor-button-content-wrapper\">\n\t\t\t\t\t\t\t\t\t<span class=\"elementor-button-text\">Plus d'infos<\/span>\n\t\t\t\t\t<\/span>\n\t\t\t\t\t<\/a>\n\t\t\t\t<\/div>\n\t\t\t\t\t\t\t\t<\/div>\n\t\t\t\t<\/div>\n\t\t\t\t<\/div>\n\t\t<div class=\"elementor-element elementor-element-16814a9 e-con-full e-flex e-con e-child\" data-id=\"16814a9\" data-element_type=\"container\" data-e-type=\"container\">\n\t\t\t\t<div class=\"elementor-element elementor-element-cd2b566 elementor-widget elementor-widget-image\" data-id=\"cd2b566\" data-element_type=\"widget\" data-e-type=\"widget\" data-widget_type=\"image.default\">\n\t\t\t\t<div class=\"elementor-widget-container\">\n\t\t\t\t\t\t\t\t\t\t\t\t\t\t\t\t<a href=\"https:\/\/camping50plus.com\/fr\/histoire\/\">\n\t\t\t\t\t\t\t<img decoding=\"async\" src=\"https:\/\/i0.wp.com\/camping50plus.com\/wp-content\/uploads\/2025\/11\/Default_Photorealistic_image_of_a_modern_regional_redandwhite_0-e1762445632932.webp?fit=960%2C659&#038;ssl=1\" title=\"Acc\u00e8s public 50plus Campingpark Fisching\" alt=\"Acc\u00e8s public 50plus Campingpark Fisching\" loading=\"lazy\" \/>\t\t\t\t\t\t\t\t<\/a>\n\t\t\t\t\t\t\t\t\t\t\t\t\t\t\t<\/div>\n\t\t\t\t<\/div>\n\t\t\t\t<\/div>\n\t\t\t\t<\/div>\n\t\t<div class=\"elementor-element elementor-element-cf6e582 e-con-full e-flex e-con e-parent\" data-id=\"cf6e582\" data-element_type=\"container\" data-e-type=\"container\" data-settings=\"{&quot;background_background&quot;:&quot;classic&quot;}\">\n\t\t\t\t<div class=\"elementor-element elementor-element-0829bb9 elementor-widget elementor-widget-image\" data-id=\"0829bb9\" data-element_type=\"widget\" data-e-type=\"widget\" data-widget_type=\"image.default\">\n\t\t\t\t<div class=\"elementor-widget-container\">\n\t\t\t\t\t\t\t\t\t\t\t\t\t\t\t<img decoding=\"async\" data-attachment-id=\"7990\" data-permalink=\"https:\/\/camping50plus.com\/fr\/anfahrt\/\" data-orig-file=\"https:\/\/i0.wp.com\/camping50plus.com\/wp-content\/uploads\/2023\/06\/anfahrt.webp?fit=638%2C600&amp;ssl=1\" data-orig-size=\"638,600\" data-comments-opened=\"1\" data-image-meta=\"{&quot;aperture&quot;:&quot;0&quot;,&quot;credit&quot;:&quot;&quot;,&quot;camera&quot;:&quot;&quot;,&quot;caption&quot;:&quot;&quot;,&quot;created_timestamp&quot;:&quot;0&quot;,&quot;copyright&quot;:&quot;&quot;,&quot;focal_length&quot;:&quot;0&quot;,&quot;iso&quot;:&quot;0&quot;,&quot;shutter_speed&quot;:&quot;0&quot;,&quot;title&quot;:&quot;&quot;,&quot;orientation&quot;:&quot;0&quot;}\" data-image-title=\"Anreise 50plus Campingpark Fisching\" data-image-description=\"\" data-image-caption=\"&lt;p&gt;Anreise 50plus Campingpark Fisching&lt;\/p&gt;\" data-large-file=\"https:\/\/i0.wp.com\/camping50plus.com\/wp-content\/uploads\/2023\/06\/anfahrt.webp?fit=638%2C600&amp;ssl=1\" width=\"638\" height=\"600\" src=\"https:\/\/i0.wp.com\/camping50plus.com\/wp-content\/uploads\/2023\/06\/anfahrt.webp?fit=638%2C600&amp;ssl=1\" class=\"attachment-full size-full wp-image-7990\" alt=\"Arriv\u00e9e 50plus Campingpark Fisching\" srcset=\"https:\/\/i0.wp.com\/camping50plus.com\/wp-content\/uploads\/2023\/06\/anfahrt.webp?w=638&amp;ssl=1 638w, https:\/\/i0.wp.com\/camping50plus.com\/wp-content\/uploads\/2023\/06\/anfahrt.webp?resize=300%2C282&amp;ssl=1 300w\" sizes=\"(max-width: 638px) 100vw, 638px\" \/>\t\t\t\t\t\t\t\t\t\t\t\t\t\t\t<\/div>\n\t\t\t\t<\/div>\n\t\t\t\t<\/div>\n\t\t\t\t<\/div>","protected":false},"excerpt":{"rendered":"<p>Ihr Weg in den Campingurlaub Wir sind hier mitten in der Natur und doch nicht abgeschieden, denn dank seiner zentralen Lageist unser Campingpark der perfekte Startpunkt f\u00fcr ihren Campingurlaub. Anfahrtsbeschreibung Aus Richtung Wien kommend:\u00a0S36 Murtal Schnellstra\u00dfe &#8211; Abfahrt Zeltweg West &#8211; Kreisverkehr Richtung Obdach B78 &#8211; beim Kreisverkehr bei Wei\u00dfkirchen &#8211; Ausfahrt Fisching &#8211; Stra\u00dfe [&hellip;]<\/p>","protected":false},"author":208767486,"featured_media":0,"parent":0,"menu_order":0,"comment_status":"closed","ping_status":"closed","template":"","meta":{"_coblocks_attr":"","_coblocks_dimensions":"","_coblocks_responsive_height":"","_coblocks_accordion_ie_support":"","_crdt_document":"","jetpack_post_was_ever_published":false,"footnotes":"","_wp_rev_ctl_limit":""},"class_list":["post-3017","page","type-page","status-publish","hentry"],"jetpack_likes_enabled":true,"jetpack_sharing_enabled":true,"jetpack_shortlink":"https:\/\/wp.me\/PddOD8-MF","_links":{"self":[{"href":"https:\/\/camping50plus.com\/fr\/wp-json\/wp\/v2\/pages\/3017","targetHints":{"allow":["GET"]}}],"collection":[{"href":"https:\/\/camping50plus.com\/fr\/wp-json\/wp\/v2\/pages"}],"about":[{"href":"https:\/\/camping50plus.com\/fr\/wp-json\/wp\/v2\/types\/page"}],"author":[{"embeddable":true,"href":"https:\/\/camping50plus.com\/fr\/wp-json\/wp\/v2\/users\/208767486"}],"replies":[{"embeddable":true,"href":"https:\/\/camping50plus.com\/fr\/wp-json\/wp\/v2\/comments?post=3017"}],"version-history":[{"count":15,"href":"https:\/\/camping50plus.com\/fr\/wp-json\/wp\/v2\/pages\/3017\/revisions"}],"predecessor-version":[{"id":14944,"href":"https:\/\/camping50plus.com\/fr\/wp-json\/wp\/v2\/pages\/3017\/revisions\/14944"}],"wp:attachment":[{"href":"https:\/\/camping50plus.com\/fr\/wp-json\/wp\/v2\/media?parent=3017"}],"curies":[{"name":"wp","href":"https:\/\/api.w.org\/{rel}","templated":true}]}}