{"id":14919,"date":"2025-11-06T17:17:13","date_gmt":"2025-11-06T16:17:13","guid":{"rendered":"https:\/\/camping50plus.com\/?page_id=14919"},"modified":"2025-11-06T17:32:22","modified_gmt":"2025-11-06T16:32:22","slug":"transport-public","status":"publish","type":"page","link":"https:\/\/camping50plus.com\/fr\/transport-public\/","title":{"rendered":"Acc\u00e8s public"},"content":{"rendered":"<div data-elementor-type=\"wp-page\" data-elementor-id=\"14919\" class=\"elementor elementor-14919\" data-elementor-post-type=\"page\">\n\t\t\t\t<div class=\"elementor-element elementor-element-2a55048 e-con-full e-flex e-con e-parent\" data-id=\"2a55048\" data-element_type=\"container\" data-e-type=\"container\" data-settings=\"{&quot;background_background&quot;:&quot;classic&quot;}\">\n\t\t\t\t<\/div>\n\t\t<div class=\"elementor-element elementor-element-e4c4e38 e-flex e-con-boxed e-con e-parent\" data-id=\"e4c4e38\" data-element_type=\"container\" data-e-type=\"container\">\n\t\t\t\t\t<div class=\"e-con-inner\">\n\t\t\t\t<div class=\"elementor-element elementor-element-44a72ad elementor-widget elementor-widget-heading\" data-id=\"44a72ad\" data-element_type=\"widget\" data-e-type=\"widget\" data-widget_type=\"heading.default\">\n\t\t\t\t<div class=\"elementor-widget-container\">\n\t\t\t\t\t<h1 class=\"elementor-heading-title elementor-size-default\">Acc\u00e8s public<\/h1>\t\t\t\t<\/div>\n\t\t\t\t<\/div>\n\t\t\t\t<div class=\"elementor-element elementor-element-e2b6ac8 elementor-widget elementor-widget-text-editor\" data-id=\"e2b6ac8\" data-element_type=\"widget\" data-e-type=\"widget\" data-widget_type=\"text-editor.default\">\n\t\t\t\t<div class=\"elementor-widget-container\">\n\t\t\t\t\t\t\t\t\t<div class=\"page\" title=\"Page 19\"><div class=\"layoutArea\"><div class=\"column\"><p>Votre arriv\u00e9e au 50plus Campingpark Fisching avec les transports en commun Arriver de mani\u00e8re durable - partir en toute d\u00e9contraction. Vous souhaitez vous rendre chez nous de mani\u00e8re confortable et \u00e9cologique ? Le 50plus Campingpark Fisching est accessible en train et en bus comme suit. Ainsi, vos vacances commencent sans stress - sans embouteillages, sans recherche de place de parking ou sans longs trajets.<\/p><\/div><\/div><\/div>\t\t\t\t\t\t\t\t<\/div>\n\t\t\t\t<\/div>\n\t\t\t\t\t<\/div>\n\t\t\t\t<\/div>\n\t\t<div class=\"elementor-element elementor-element-441ebdf e-con-full e-flex e-con e-parent\" data-id=\"441ebdf\" data-element_type=\"container\" data-e-type=\"container\">\n\t\t<div class=\"elementor-element elementor-element-709f5cd e-con-full e-flex e-con e-child\" data-id=\"709f5cd\" data-element_type=\"container\" data-e-type=\"container\" data-settings=\"{&quot;background_background&quot;:&quot;classic&quot;}\">\n\t\t\t\t<div class=\"elementor-element elementor-element-1b4a5f7 elementor-widget elementor-widget-text-editor\" data-id=\"1b4a5f7\" data-element_type=\"widget\" data-e-type=\"widget\" data-widget_type=\"text-editor.default\">\n\t\t\t\t<div class=\"elementor-widget-container\">\n\t\t\t\t\t\t\t\t\t<p style=\"font-weight: 400;\">La gare la plus proche est <strong>Zeltweg Gare<\/strong>, seulement environ <strong>6 km<\/strong> du camping park.<\/p><p style=\"font-weight: 400;\">Zeltweg se trouve directement sur la <strong>Ligne de chemin de fer du Sud<\/strong> (Graz - Klagenfurt) et est r\u00e9guli\u00e8rement desservie par des trains de la<\/p><p style=\"font-weight: 400;\"><strong>\u00d6BB Rail de banlieue Styrie<\/strong> ainsi que des trains r\u00e9gionaux.<\/p><p style=\"font-weight: 400;\"><strong>\ud83d\udd51 Liaisons ferroviaires<\/strong><\/p><ul style=\"font-weight: 400;\"><li><strong>Graz \u2192 Zeltweg :<\/strong> environ 1 heure, liaison toutes les heures<\/li><li><strong>Vienne \u2192 Zeltweg :<\/strong> environ 3 heures (avec changement \u00e0 Bruck\/Mur)<\/li><li><strong>Klagenfurt \u2192 Zeltweg :<\/strong> environ 1 heure<\/li><li><strong>Salzbourg \u2192 Zeltweg :<\/strong> env. 3 \u00bd heures<\/li><\/ul><div>\u00a0<\/div><p style=\"font-weight: 400;\">\ud83d\udd17 Renseignements sur les horaires \u00d6BB\u00a0 <a href=\"https:\/\/fahrplan.oebb.at\/\" target=\"_blank\" rel=\"noopener\">https:\/\/fahrplan.oebb.at\/<\/a><\/p><p style=\"font-weight: 400;\"><strong style=\"color: var( --e-global-color-text );\">\ud83d\ude8c Continuer en bus ou en taxi jusqu'\u00e0 Fisching<\/strong><\/p><p style=\"font-weight: 400;\">De <strong>Gare de Zeltweg<\/strong> vous pouvez facilement atteindre Fisching avec <strong>Bus r\u00e9gional ou taxi<\/strong>.<\/p><p style=\"font-weight: 400;\"><strong>\ud83d\ude8c Bus public<\/strong><\/p><ul style=\"font-weight: 400;\"><li><strong>Ligne de bus 863 (Zeltweg - Judenburg - Obdach)<\/strong><\/li><li><strong>Arr\u00eat de bus :<\/strong> <em>Lieu de Fisching<\/em><\/li><li><strong>Temps de trajet :<\/strong> environ 10-15 minutes<\/li><li><strong>Chemin \u00e0 pied jusqu'au parc de camping :<\/strong> environ 2 minutes<br \/><br \/><\/li><\/ul><p style=\"font-weight: 400;\">Vous trouverez les horaires actuels sous :<br \/>\ud83d\udd17 <a href=\"https:\/\/verkehrsauskunft.verbundlinie.at\/?utm_source=chatgpt.com\" target=\"_new\" rel=\"noopener\">Verkehrsverbund Steiermark - Horaires<\/a><\/p>\t\t\t\t\t\t\t\t<\/div>\n\t\t\t\t<\/div>\n\t\t\t\t<\/div>\n\t\t<div class=\"elementor-element elementor-element-1b55c14 e-con-full e-flex e-con e-child\" data-id=\"1b55c14\" data-element_type=\"container\" data-e-type=\"container\">\n\t\t\t\t<div class=\"elementor-element elementor-element-9dcf15e elementor-widget elementor-widget-image\" data-id=\"9dcf15e\" data-element_type=\"widget\" data-e-type=\"widget\" data-widget_type=\"image.default\">\n\t\t\t\t<div class=\"elementor-widget-container\">\n\t\t\t\t\t\t\t\t\t\t\t\t\t\t\t\t<a href=\"https:\/\/camping50plus.com\/fr\/histoire\/\">\n\t\t\t\t\t\t\t<img decoding=\"async\" src=\"https:\/\/i0.wp.com\/camping50plus.com\/wp-content\/uploads\/2025\/11\/pexels-veerasak-piyawatanakul-392493-1170178.webp?fit=960%2C659&#038;ssl=1\" title=\"pexels-veerasak-piyawatanakul-392493-1170178\" alt=\"pexels-veerasak-piyawatanakul-392493-1170178\" loading=\"lazy\" \/>\t\t\t\t\t\t\t\t<\/a>\n\t\t\t\t\t\t\t\t\t\t\t\t\t\t\t<\/div>\n\t\t\t\t<\/div>\n\t\t\t\t<\/div>\n\t\t\t\t<\/div>\n\t\t\t\t<\/div>","protected":false},"excerpt":{"rendered":"<p>\u00d6ffentliche Anreise\u200b Ihre Anreise mit \u00f6ffentlichen Verkehrsmitteln zum 50plus Campingpark Fisching Nachhaltig anreisen \u2013 entspannt starten. Sie m\u00f6chten bequem und umweltfreundlich zu uns reisen? Der 50plus Campingpark Fisching ist wie folgt mit Bahn und Bus erreichbar. So beginnt Ihr Urlaub stressfrei \u2013 ohne Stau, Parkplatzsuche oder lange Fahrzeiten. Der n\u00e4chstgelegene Bahnhof ist Zeltweg Bahnhof, nur [&hellip;]<\/p>","protected":false},"author":208767488,"featured_media":0,"parent":0,"menu_order":0,"comment_status":"closed","ping_status":"closed","template":"","meta":{"_coblocks_attr":"","_coblocks_dimensions":"","_coblocks_responsive_height":"","_coblocks_accordion_ie_support":"","_crdt_document":"","jetpack_post_was_ever_published":false,"footnotes":"","_wp_rev_ctl_limit":""},"class_list":["post-14919","page","type-page","status-publish","hentry"],"jetpack_likes_enabled":true,"jetpack_sharing_enabled":true,"jetpack_shortlink":"https:\/\/wp.me\/PddOD8-3SD","_links":{"self":[{"href":"https:\/\/camping50plus.com\/fr\/wp-json\/wp\/v2\/pages\/14919","targetHints":{"allow":["GET"]}}],"collection":[{"href":"https:\/\/camping50plus.com\/fr\/wp-json\/wp\/v2\/pages"}],"about":[{"href":"https:\/\/camping50plus.com\/fr\/wp-json\/wp\/v2\/types\/page"}],"author":[{"embeddable":true,"href":"https:\/\/camping50plus.com\/fr\/wp-json\/wp\/v2\/users\/208767488"}],"replies":[{"embeddable":true,"href":"https:\/\/camping50plus.com\/fr\/wp-json\/wp\/v2\/comments?post=14919"}],"version-history":[{"count":11,"href":"https:\/\/camping50plus.com\/fr\/wp-json\/wp\/v2\/pages\/14919\/revisions"}],"predecessor-version":[{"id":14947,"href":"https:\/\/camping50plus.com\/fr\/wp-json\/wp\/v2\/pages\/14919\/revisions\/14947"}],"wp:attachment":[{"href":"https:\/\/camping50plus.com\/fr\/wp-json\/wp\/v2\/media?parent=14919"}],"curies":[{"name":"wp","href":"https:\/\/api.w.org\/{rel}","templated":true}]}}