{"id":12332,"date":"2023-11-09T23:14:32","date_gmt":"2023-11-09T22:14:32","guid":{"rendered":"https:\/\/camping50plus.com\/?page_id=12332"},"modified":"2024-04-19T11:54:07","modified_gmt":"2024-04-19T09:54:07","slug":"12332-revision-v1","status":"publish","type":"page","link":"https:\/\/camping50plus.com\/fr\/12332-revision-v1\/","title":{"rendered":"360"},"content":{"rendered":"<div data-elementor-type=\"wp-page\" data-elementor-id=\"12332\" class=\"elementor elementor-12332\" data-elementor-post-type=\"page\">\n\t\t\t\t<div class=\"elementor-element elementor-element-c9968a8 e-flex e-con-boxed e-con e-parent\" data-id=\"c9968a8\" data-element_type=\"container\" data-e-type=\"container\" data-settings=\"{&quot;background_background&quot;:&quot;classic&quot;}\">\n\t\t\t\t\t<div class=\"e-con-inner\">\n\t\t<div class=\"elementor-element elementor-element-7ff4334 e-con-full e-flex e-con e-child\" data-id=\"7ff4334\" data-element_type=\"container\" data-e-type=\"container\">\n\t\t\t\t<div class=\"elementor-element elementor-element-9bc90a0 elementor-hidden-tablet elementor-hidden-mobile elementor-widget elementor-widget-heading\" data-id=\"9bc90a0\" data-element_type=\"widget\" data-e-type=\"widget\" data-widget_type=\"heading.default\">\n\t\t\t\t<div class=\"elementor-widget-container\">\n\t\t\t\t\t<h2 class=\"elementor-heading-title elementor-size-default\"><a href=\"https:\/\/cloud.3dvista.com\/\/hosting\/8003370\/0\/index.htm\" target=\"_blank\" rel=\"noopener\">Commencer la visite \u00e0 360 degr\u00e9s !<\/a><\/h2>\t\t\t\t<\/div>\n\t\t\t\t<\/div>\n\t\t\t\t<div class=\"elementor-element elementor-element-c85436c elementor-hidden-desktop elementor-widget elementor-widget-heading\" data-id=\"c85436c\" data-element_type=\"widget\" data-e-type=\"widget\" data-widget_type=\"heading.default\">\n\t\t\t\t<div class=\"elementor-widget-container\">\n\t\t\t\t\t<h2 class=\"elementor-heading-title elementor-size-default\"><a href=\"https:\/\/cloud.3dvista.com\/\/hosting\/8003370\/0\/index.htm\" target=\"_blank\" rel=\"noopener\">Commencer la visite \u00e0 360 degr\u00e9s !<\/a><\/h2>\t\t\t\t<\/div>\n\t\t\t\t<\/div>\n\t\t\t\t<\/div>\n\t\t\t\t\t<\/div>\n\t\t\t\t<\/div>\n\t\t\t\t<\/div>","protected":false},"excerpt":{"rendered":"<p>Commencer la visite \u00e0 360 degr\u00e9s ! D\u00e9marrer la visite \u00e0 360 degr\u00e9s !<\/p>","protected":false},"author":208767486,"featured_media":0,"parent":0,"menu_order":0,"comment_status":"closed","ping_status":"closed","template":"","meta":{"_coblocks_attr":"","_coblocks_dimensions":"","_coblocks_responsive_height":"","_coblocks_accordion_ie_support":"","_crdt_document":"","footnotes":"","_wp_rev_ctl_limit":""},"class_list":["post-12332","page","type-page","status-publish","hentry"],"jetpack_likes_enabled":true,"jetpack_sharing_enabled":true,"jetpack_shortlink":"https:\/\/wp.me\/PddOD8-3cU","_links":{"self":[{"href":"https:\/\/camping50plus.com\/fr\/wp-json\/wp\/v2\/pages\/12332","targetHints":{"allow":["GET"]}}],"collection":[{"href":"https:\/\/camping50plus.com\/fr\/wp-json\/wp\/v2\/pages"}],"about":[{"href":"https:\/\/camping50plus.com\/fr\/wp-json\/wp\/v2\/types\/page"}],"author":[{"embeddable":true,"href":"https:\/\/camping50plus.com\/fr\/wp-json\/wp\/v2\/users\/208767486"}],"replies":[{"embeddable":true,"href":"https:\/\/camping50plus.com\/fr\/wp-json\/wp\/v2\/comments?post=12332"}],"version-history":[{"count":4,"href":"https:\/\/camping50plus.com\/fr\/wp-json\/wp\/v2\/pages\/12332\/revisions"}],"predecessor-version":[{"id":13342,"href":"https:\/\/camping50plus.com\/fr\/wp-json\/wp\/v2\/pages\/12332\/revisions\/13342"}],"wp:attachment":[{"href":"https:\/\/camping50plus.com\/fr\/wp-json\/wp\/v2\/media?parent=12332"}],"curies":[{"name":"wp","href":"https:\/\/api.w.org\/{rel}","templated":true}]}}