{"id":10620,"date":"2023-08-06T15:04:53","date_gmt":"2023-08-06T13:04:53","guid":{"rendered":"https:\/\/camping50plus.com\/?page_id=10620"},"modified":"2025-05-31T14:55:59","modified_gmt":"2025-05-31T12:55:59","slug":"10620-revision-v1","status":"publish","type":"page","link":"https:\/\/camping50plus.com\/fr\/10620-revision-v1\/","title":{"rendered":"Offres"},"content":{"rendered":"<div data-elementor-type=\"wp-page\" data-elementor-id=\"10620\" class=\"elementor elementor-10620\" data-elementor-post-type=\"page\">\n\t\t\t\t<div class=\"elementor-element elementor-element-26668150 e-con-full e-flex e-con e-parent\" data-id=\"26668150\" data-element_type=\"container\" data-e-type=\"container\" data-settings=\"{&quot;background_background&quot;:&quot;classic&quot;}\">\n\t\t\t\t<\/div>\n\t\t<div class=\"elementor-element elementor-element-63ff563f e-con-full e-flex e-con e-parent\" data-id=\"63ff563f\" data-element_type=\"container\" data-e-type=\"container\" data-settings=\"{&quot;background_background&quot;:&quot;classic&quot;}\">\n\t\t\t\t<div class=\"elementor-element elementor-element-e07cd09 elementor-widget elementor-widget-heading\" data-id=\"e07cd09\" data-element_type=\"widget\" data-e-type=\"widget\" data-widget_type=\"heading.default\">\n\t\t\t\t<div class=\"elementor-widget-container\">\n\t\t\t\t\t<h1 class=\"elementor-heading-title elementor-size-default\">\u00c9v\u00e9nements au 50plus Campingpark Fisching<\/h1>\t\t\t\t<\/div>\n\t\t\t\t<\/div>\n\t\t\t\t<div class=\"elementor-element elementor-element-1c6d8a9b elementor-widget elementor-widget-text-editor\" data-id=\"1c6d8a9b\" data-element_type=\"widget\" data-e-type=\"widget\" data-widget_type=\"text-editor.default\">\n\t\t\t\t<div class=\"elementor-widget-container\">\n\t\t\t\t\t\t\t\t\t<p>Plein air, nature, communaut\u00e9 et divertissement - voil\u00e0 les ingr\u00e9dients pour passer des moments inoubliables sur notre camping. Chaque ann\u00e9e, nous avons le privil\u00e8ge de vous pr\u00e9senter une s\u00e9rie d'\u00e9v\u00e9nements qui font battre le c\u0153ur des campeurs.<\/p>\t\t\t\t\t\t\t\t<\/div>\n\t\t\t\t<\/div>\n\t\t\t\t<\/div>\n\t\t<div class=\"elementor-element elementor-element-58e329a8 e-con-full e-flex e-con e-parent\" data-id=\"58e329a8\" data-element_type=\"container\" data-e-type=\"container\">\n\t\t<div class=\"elementor-element elementor-element-8a5f422 e-con-full e-flex e-con e-child\" data-id=\"8a5f422\" data-element_type=\"container\" data-e-type=\"container\" data-settings=\"{&quot;background_background&quot;:&quot;classic&quot;}\">\n\t\t\t\t<div class=\"elementor-element elementor-element-33f65000 elementor-widget elementor-widget-heading\" data-id=\"33f65000\" data-element_type=\"widget\" data-e-type=\"widget\" data-widget_type=\"heading.default\">\n\t\t\t\t<div class=\"elementor-widget-container\">\n\t\t\t\t\t<h1 class=\"elementor-heading-title elementor-size-default\">L'automne 2025<\/h1>\t\t\t\t<\/div>\n\t\t\t\t<\/div>\n\t\t\t\t<div class=\"elementor-element elementor-element-ec51f7b elementor-widget elementor-widget-heading\" data-id=\"ec51f7b\" data-element_type=\"widget\" data-e-type=\"widget\" data-widget_type=\"heading.default\">\n\t\t\t\t<div class=\"elementor-widget-container\">\n\t\t\t\t\t<h2 class=\"elementor-heading-title elementor-size-default\">du 18.09.2025 au 21.09.2025<\/h2>\t\t\t\t<\/div>\n\t\t\t\t<\/div>\n\t\t\t\t<div class=\"elementor-element elementor-element-3055b41d elementor-widget elementor-widget-text-editor\" data-id=\"3055b41d\" data-element_type=\"widget\" data-e-type=\"widget\" data-widget_type=\"text-editor.default\">\n\t\t\t\t<div class=\"elementor-widget-container\">\n\t\t\t\t\t\t\t\t\t<div class=\"group w-full text-token-text-primary border-b border-black\/10 dark:border-gray-900\/50 bg-gray-50 dark:bg-[#444654]\"><div class=\"flex p-4 gap-4 text-base md:gap-6 md:max-w-2xl lg:max-w-[38rem] xl:max-w-3xl md:py-6 lg:px-0 m-auto\"><div class=\"relative flex w-[calc(100%-50px)] flex-col gap-1 md:gap-3 lg:w-[calc(100%-115px)]\"><div class=\"flex flex-grow flex-col gap-3\"><div class=\"min-h-[20px] flex flex-col items-start gap-3 overflow-x-auto whitespace-pre-wrap break-words\"><div class=\"markdown prose w-full break-words dark:prose-invert light\"><p>Venez \u00e0 l'Herbstl'n au 50plus Campingpark Fisching. Profitez de journ\u00e9es de d\u00e9tente avec du vin, des marrons chauds et l'hospitalit\u00e9 styrienne pendant que nous disons lentement adieu \u00e0 la saison du camping. D\u00e9couvrez la beaut\u00e9 de la vall\u00e9e de la Mur, profitez de la vue sur les montagnes depuis notre camping park et r\u00e9jouissez-vous de passer des soir\u00e9es agr\u00e9ables.<\/p><\/div><\/div><\/div><\/div><\/div><\/div>\t\t\t\t\t\t\t\t<\/div>\n\t\t\t\t<\/div>\n\t\t\t\t<div class=\"elementor-element elementor-element-667f3ba elementor-tablet-align-center elementor-widget elementor-widget-button\" data-id=\"667f3ba\" data-element_type=\"widget\" data-e-type=\"widget\" data-widget_type=\"button.default\">\n\t\t\t\t<div class=\"elementor-widget-container\">\n\t\t\t\t\t\t\t\t\t<div class=\"elementor-button-wrapper\">\n\t\t\t\t\t<a class=\"elementor-button elementor-button-link elementor-size-md elementor-animation-grow\" href=\"https:\/\/camping50plus.com\/fr\/herbstln\/\">\n\t\t\t\t\t\t<span class=\"elementor-button-content-wrapper\">\n\t\t\t\t\t\t\t\t\t<span class=\"elementor-button-text\">Terminer la saison de camping 2025<\/span>\n\t\t\t\t\t<\/span>\n\t\t\t\t\t<\/a>\n\t\t\t\t<\/div>\n\t\t\t\t\t\t\t\t<\/div>\n\t\t\t\t<\/div>\n\t\t\t\t<\/div>\n\t\t<div class=\"elementor-element elementor-element-6e896ccf e-con-full e-flex e-con e-child\" data-id=\"6e896ccf\" data-element_type=\"container\" data-e-type=\"container\">\n\t\t\t\t<div class=\"elementor-element elementor-element-2ca96141 elementor-widget elementor-widget-image\" data-id=\"2ca96141\" data-element_type=\"widget\" data-e-type=\"widget\" data-widget_type=\"image.default\">\n\t\t\t\t<div class=\"elementor-widget-container\">\n\t\t\t\t\t\t\t\t\t\t\t\t\t\t\t<img decoding=\"async\" src=\"https:\/\/i0.wp.com\/camping50plus.com\/wp-content\/uploads\/2023\/08\/IMG_4816-2.webp?fit=960%2C659&#038;ssl=1\" title=\"50plus Campingpark Fisching\" alt=\"50plus Campingpark Fisching\" loading=\"lazy\" \/>\t\t\t\t\t\t\t\t\t\t\t\t\t\t\t<\/div>\n\t\t\t\t<\/div>\n\t\t\t\t<\/div>\n\t\t\t\t<\/div>\n\t\t<div class=\"elementor-element elementor-element-74959477 e-con-full e-flex e-con e-parent\" data-id=\"74959477\" data-element_type=\"container\" data-e-type=\"container\">\n\t\t<div class=\"elementor-element elementor-element-67a2f870 e-con-full e-flex e-con e-child\" data-id=\"67a2f870\" data-element_type=\"container\" data-e-type=\"container\" data-settings=\"{&quot;background_background&quot;:&quot;classic&quot;}\">\n\t\t\t\t<div class=\"elementor-element elementor-element-30b10419 elementor-widget elementor-widget-heading\" data-id=\"30b10419\" data-element_type=\"widget\" data-e-type=\"widget\" data-widget_type=\"heading.default\">\n\t\t\t\t<div class=\"elementor-widget-container\">\n\t\t\t\t\t<h2 class=\"elementor-heading-title elementor-size-default\">Nouvel An 2025<\/h2>\t\t\t\t<\/div>\n\t\t\t\t<\/div>\n\t\t\t\t<div class=\"elementor-element elementor-element-a5b66fc elementor-widget elementor-widget-heading\" data-id=\"a5b66fc\" data-element_type=\"widget\" data-e-type=\"widget\" data-widget_type=\"heading.default\">\n\t\t\t\t<div class=\"elementor-widget-container\">\n\t\t\t\t\t<h2 class=\"elementor-heading-title elementor-size-default\">29.12.24 jusqu'au 01.01.2025<\/h2>\t\t\t\t<\/div>\n\t\t\t\t<\/div>\n\t\t\t\t<div class=\"elementor-element elementor-element-5488dfde elementor-widget elementor-widget-text-editor\" data-id=\"5488dfde\" data-element_type=\"widget\" data-e-type=\"widget\" data-widget_type=\"text-editor.default\">\n\t\t\t\t<div class=\"elementor-widget-container\">\n\t\t\t\t\t\t\t\t\t<p>F\u00eatez un Nouvel An inoubliable au 50plus Campingpark Fisching. D\u00e9couvrez l'hospitalit\u00e9 styrienne dans la pittoresque Styrie avec un programme vari\u00e9 : curling, d\u00e9gustation de vin, disco des ann\u00e9es 70 et randonn\u00e9e hivernale. Le clou du spectacle est le d\u00eener de la Saint-Sylvestre avec des mets r\u00e9gionaux d\u00e9licats. Profitez du bien-\u00eatre aux thermes Aqualux ou des sports d'hiver comme le ski et les randonn\u00e9es en raquettes.<\/p>\t\t\t\t\t\t\t\t<\/div>\n\t\t\t\t<\/div>\n\t\t\t\t<div class=\"elementor-element elementor-element-3c5b5a0 elementor-tablet-align-center elementor-widget elementor-widget-button\" data-id=\"3c5b5a0\" data-element_type=\"widget\" data-e-type=\"widget\" data-widget_type=\"button.default\">\n\t\t\t\t<div class=\"elementor-widget-container\">\n\t\t\t\t\t\t\t\t\t<div class=\"elementor-button-wrapper\">\n\t\t\t\t\t<a class=\"elementor-button elementor-button-link elementor-size-md elementor-animation-grow\" href=\"https:\/\/camping50plus.com\/fr\/nouvel-an\/\">\n\t\t\t\t\t\t<span class=\"elementor-button-content-wrapper\">\n\t\t\t\t\t\t\t\t\t<span class=\"elementor-button-text\">Plus d'informations <\/span>\n\t\t\t\t\t<\/span>\n\t\t\t\t\t<\/a>\n\t\t\t\t<\/div>\n\t\t\t\t\t\t\t\t<\/div>\n\t\t\t\t<\/div>\n\t\t\t\t<\/div>\n\t\t<div class=\"elementor-element elementor-element-6d7ead00 e-con-full e-flex e-con e-child\" data-id=\"6d7ead00\" data-element_type=\"container\" data-e-type=\"container\">\n\t\t\t\t<div class=\"elementor-element elementor-element-fd61f28 elementor-widget elementor-widget-image\" data-id=\"fd61f28\" data-element_type=\"widget\" data-e-type=\"widget\" data-widget_type=\"image.default\">\n\t\t\t\t<div class=\"elementor-widget-container\">\n\t\t\t\t\t\t\t\t\t\t\t\t\t\t\t<img decoding=\"async\" src=\"https:\/\/i0.wp.com\/camping50plus.com\/wp-content\/uploads\/2023\/08\/IMG_8273-2.webp?fit=960%2C659&#038;ssl=1\" title=\"La Saint-Sylvestre au 50plus Campingpark Fisching\" alt=\"La Saint-Sylvestre au 50plus Campingpark Fisching\" loading=\"lazy\" \/>\t\t\t\t\t\t\t\t\t\t\t\t\t\t\t<\/div>\n\t\t\t\t<\/div>\n\t\t\t\t<\/div>\n\t\t\t\t<\/div>\n\t\t<div class=\"elementor-element elementor-element-34f8535 e-con-full e-flex e-con e-parent\" data-id=\"34f8535\" data-element_type=\"container\" data-e-type=\"container\">\n\t\t<div class=\"elementor-element elementor-element-ca0c881 e-con-full e-flex e-con e-child\" data-id=\"ca0c881\" data-element_type=\"container\" data-e-type=\"container\" data-settings=\"{&quot;background_background&quot;:&quot;classic&quot;}\">\n\t\t\t\t<div class=\"elementor-element elementor-element-3f0d986 elementor-widget elementor-widget-heading\" data-id=\"3f0d986\" data-element_type=\"widget\" data-e-type=\"widget\" data-widget_type=\"heading.default\">\n\t\t\t\t<div class=\"elementor-widget-container\">\n\t\t\t\t\t<h2 class=\"elementor-heading-title elementor-size-default\">Ancrage 2025<\/h2>\t\t\t\t<\/div>\n\t\t\t\t<\/div>\n\t\t\t\t<div class=\"elementor-element elementor-element-1e3dba6 elementor-widget elementor-widget-heading\" data-id=\"1e3dba6\" data-element_type=\"widget\" data-e-type=\"widget\" data-widget_type=\"heading.default\">\n\t\t\t\t<div class=\"elementor-widget-container\">\n\t\t\t\t\t<h2 class=\"elementor-heading-title elementor-size-default\">01.05.2025 jusqu'au 04.05.2025<\/h2>\t\t\t\t<\/div>\n\t\t\t\t<\/div>\n\t\t\t\t<div class=\"elementor-element elementor-element-5c5d100 elementor-widget elementor-widget-text-editor\" data-id=\"5c5d100\" data-element_type=\"widget\" data-e-type=\"widget\" data-widget_type=\"text-editor.default\">\n\t\t\t\t<div class=\"elementor-widget-container\">\n\t\t\t\t\t\t\t\t\t<p>Commencez ensemble la saison de camping 2025 en faisant du camping au 50plus Campingpark Fisching du 1er au 4 mai. D\u00e9couvrez l'hospitalit\u00e9 styrienne, la convivialit\u00e9 et la nature pittoresque. D\u00e9couvrez la Styrie de mani\u00e8re active et profitez de l'atmosph\u00e8re harmonieuse du camping. R\u00e9servez votre place d\u00e8s maintenant !<\/p>\t\t\t\t\t\t\t\t<\/div>\n\t\t\t\t<\/div>\n\t\t\t\t<div class=\"elementor-element elementor-element-f1bb804 elementor-tablet-align-center elementor-widget elementor-widget-button\" data-id=\"f1bb804\" data-element_type=\"widget\" data-e-type=\"widget\" data-widget_type=\"button.default\">\n\t\t\t\t<div class=\"elementor-widget-container\">\n\t\t\t\t\t\t\t\t\t<div class=\"elementor-button-wrapper\">\n\t\t\t\t\t<a class=\"elementor-button elementor-button-link elementor-size-md elementor-animation-grow\" href=\"https:\/\/booking.camping50plus.com\/property\/S000294\/packages\/ANCAMPEN_S?skd-checkin=2025-05-01&#038;skd-checkout=2025-05-04&#038;skd-total-rooms=1&#038;skd-language-code=de&#038;skd-currency-code=EUR&#038;skd-property-code=S000294&#038;skd-price-type=asInPricelist&#038;skd-time-price-base=stay&#038;adult_room1=2\">\n\t\t\t\t\t\t<span class=\"elementor-button-content-wrapper\">\n\t\t\t\t\t\t\t\t\t<span class=\"elementor-button-text\">Plus d'informations<\/span>\n\t\t\t\t\t<\/span>\n\t\t\t\t\t<\/a>\n\t\t\t\t<\/div>\n\t\t\t\t\t\t\t\t<\/div>\n\t\t\t\t<\/div>\n\t\t\t\t<\/div>\n\t\t<div class=\"elementor-element elementor-element-9b795e7 e-con-full e-flex e-con e-child\" data-id=\"9b795e7\" data-element_type=\"container\" data-e-type=\"container\">\n\t\t\t\t<div class=\"elementor-element elementor-element-8df29ff elementor-widget elementor-widget-image\" data-id=\"8df29ff\" data-element_type=\"widget\" data-e-type=\"widget\" data-widget_type=\"image.default\">\n\t\t\t\t<div class=\"elementor-widget-container\">\n\t\t\t\t\t\t\t\t\t\t\t\t\t\t\t<img decoding=\"async\" src=\"https:\/\/i0.wp.com\/camping50plus.com\/wp-content\/uploads\/2023\/08\/IMG_0198.webp?fit=960%2C659&#038;ssl=1\" title=\"IMG_0198\" alt=\"IMG_0198\" loading=\"lazy\" \/>\t\t\t\t\t\t\t\t\t\t\t\t\t\t\t<\/div>\n\t\t\t\t<\/div>\n\t\t\t\t<\/div>\n\t\t\t\t<\/div>\n\t\t\t\t<\/div>","protected":false},"excerpt":{"rendered":"<p>\u00c9v\u00e9nements au 50plus Campingpark Fisching Plein air, nature, communaut\u00e9 et divertissement - voil\u00e0 les ingr\u00e9dients pour passer des moments inoubliables sur notre camping. Chaque ann\u00e9e, nous avons le privil\u00e8ge de vous pr\u00e9senter une s\u00e9rie d'\u00e9v\u00e9nements qui font battre le c\u0153ur des campeurs. Herbstl'n 2025 18.09.2025 au 21.09.2025 Venez \u00e0 l'Herbstl'n au 50plus Campingpark Fisching. Profitez d'un moment de d\u00e9tente [...].<\/p>","protected":false},"author":208767486,"featured_media":0,"parent":0,"menu_order":0,"comment_status":"closed","ping_status":"closed","template":"","meta":{"_coblocks_attr":"","_coblocks_dimensions":"","_coblocks_responsive_height":"","_coblocks_accordion_ie_support":"","_crdt_document":"","jetpack_post_was_ever_published":false,"footnotes":"","_wp_rev_ctl_limit":""},"class_list":["post-10620","page","type-page","status-publish","hentry"],"jetpack_likes_enabled":true,"jetpack_sharing_enabled":true,"jetpack_shortlink":"https:\/\/wp.me\/PddOD8-2Li","_links":{"self":[{"href":"https:\/\/camping50plus.com\/fr\/wp-json\/wp\/v2\/pages\/10620","targetHints":{"allow":["GET"]}}],"collection":[{"href":"https:\/\/camping50plus.com\/fr\/wp-json\/wp\/v2\/pages"}],"about":[{"href":"https:\/\/camping50plus.com\/fr\/wp-json\/wp\/v2\/types\/page"}],"author":[{"embeddable":true,"href":"https:\/\/camping50plus.com\/fr\/wp-json\/wp\/v2\/users\/208767486"}],"replies":[{"embeddable":true,"href":"https:\/\/camping50plus.com\/fr\/wp-json\/wp\/v2\/comments?post=10620"}],"version-history":[{"count":15,"href":"https:\/\/camping50plus.com\/fr\/wp-json\/wp\/v2\/pages\/10620\/revisions"}],"predecessor-version":[{"id":14654,"href":"https:\/\/camping50plus.com\/fr\/wp-json\/wp\/v2\/pages\/10620\/revisions\/14654"}],"wp:attachment":[{"href":"https:\/\/camping50plus.com\/fr\/wp-json\/wp\/v2\/media?parent=10620"}],"curies":[{"name":"wp","href":"https:\/\/api.w.org\/{rel}","templated":true}]}}