{"id":2589,"date":"2023-02-11T10:48:09","date_gmt":"2023-02-11T09:48:09","guid":{"rendered":"https:\/\/camping50plus.com\/?page_id=2589"},"modified":"2023-08-19T00:51:07","modified_gmt":"2023-08-18T22:51:07","slug":"hjulknudepunktsystem","status":"publish","type":"page","link":"https:\/\/camping50plus.com\/da\/hjulknudepunktsystem\/","title":{"rendered":"Knudepunktssystem til hjul"},"content":{"rendered":"<div data-elementor-type=\"wp-page\" data-elementor-id=\"2589\" class=\"elementor elementor-2589\" data-elementor-post-type=\"page\">\n\t\t\t\t<div class=\"elementor-element elementor-element-3d9e7e99 e-con-full e-flex e-con e-parent\" data-id=\"3d9e7e99\" data-element_type=\"container\" data-settings=\"{&quot;background_background&quot;:&quot;classic&quot;}\">\n\t\t\t\t<div class=\"elementor-element elementor-element-a40ec04 elementor-hidden-tablet elementor-hidden-mobile elementor-widget elementor-widget-heading\" data-id=\"a40ec04\" data-element_type=\"widget\" data-widget_type=\"heading.default\">\n\t\t\t\t<div class=\"elementor-widget-container\">\n\t\t\t\t\t<h1 class=\"elementor-heading-title elementor-size-default\">\u00d8strigs f\u00f8rste hjulknudepunktsystem<\/h1>\t\t\t\t<\/div>\n\t\t\t\t<\/div>\n\t\t\t\t<\/div>\n\t\t<div class=\"elementor-element elementor-element-5a5aa04f e-con-full e-flex e-con e-parent\" data-id=\"5a5aa04f\" data-element_type=\"container\">\n\t\t<div class=\"elementor-element elementor-element-5d818a24 e-con-full e-flex e-con e-parent\" data-id=\"5d818a24\" data-element_type=\"container\" data-settings=\"{&quot;background_background&quot;:&quot;classic&quot;}\">\n\t\t\t\t<div class=\"elementor-element elementor-element-4319d123 elementor-widget elementor-widget-heading\" data-id=\"4319d123\" data-element_type=\"widget\" data-widget_type=\"heading.default\">\n\t\t\t\t<div class=\"elementor-widget-container\">\n\t\t\t\t\t<h2 class=\"elementor-heading-title elementor-size-default\">Individualiseret cykling<\/h2>\t\t\t\t<\/div>\n\t\t\t\t<\/div>\n\t\t\t\t<div class=\"elementor-element elementor-element-1e291bd3 elementor-widget elementor-widget-text-editor\" data-id=\"1e291bd3\" data-element_type=\"widget\" data-widget_type=\"text-editor.default\">\n\t\t\t\t<div class=\"elementor-widget-container\">\n\t\t\t\t\t\t\t\t\t<div class=\"page\" title=\"Side 17\"><div class=\"layoutArea\"><div class=\"column\"><p>Starten p\u00e5 cykelnodesystemet Nimms Radl i Murdalen er der, hvor du er. Hvis du for eksempel er i hum\u00f8r til en cykeltur efter morgenmaden, kan du starte direkte fra campingpladsen. Da cykelknudepunktsystemet er det f\u00f8rste af sin slags i \u00d8strig, har det brug for en kort instruktionsmanual. For en cykelferie i Murtal kan v\u00e6re lige s\u00e5 individuel, som du er.<\/p><\/div><\/div><\/div>\t\t\t\t\t\t\t\t<\/div>\n\t\t\t\t<\/div>\n\t\t\t\t<\/div>\n\t\t<div class=\"elementor-element elementor-element-5cc9617b e-con-full e-flex e-con e-parent\" data-id=\"5cc9617b\" data-element_type=\"container\">\n\t\t\t\t<div class=\"elementor-element elementor-element-7ba1ac21 elementor-widget elementor-widget-image\" data-id=\"7ba1ac21\" data-element_type=\"widget\" data-widget_type=\"image.default\">\n\t\t\t\t<div class=\"elementor-widget-container\">\n\t\t\t\t\t\t\t\t\t\t\t\t\t\t\t<img decoding=\"async\" src=\"https:\/\/i0.wp.com\/camping50plus.com\/wp-content\/uploads\/2023\/04\/rad-gross.webp?fit=960%2C659&#038;ssl=1\" title=\"Murtal cykelkrydsningssystem\" alt=\"Murtal cykelkrydsningssystem\" loading=\"lazy\" \/>\t\t\t\t\t\t\t\t\t\t\t\t\t\t\t<\/div>\n\t\t\t\t<\/div>\n\t\t\t\t<\/div>\n\t\t\t\t<\/div>\n\t\t<div class=\"elementor-element elementor-element-e123afa e-flex e-con-boxed e-con e-parent\" data-id=\"e123afa\" data-element_type=\"container\" data-settings=\"{&quot;background_background&quot;:&quot;classic&quot;}\">\n\t\t\t\t\t<div class=\"e-con-inner\">\n\t\t\t\t<div class=\"elementor-element elementor-element-10d1788 elementor-widget elementor-widget-image\" data-id=\"10d1788\" data-element_type=\"widget\" data-widget_type=\"image.default\">\n\t\t\t\t<div class=\"elementor-widget-container\">\n\t\t\t\t\t\t\t\t\t\t\t\t\t\t\t<img data-recalc-dims=\"1\" decoding=\"async\" src=\"https:\/\/i0.wp.com\/camping50plus.com\/wp-content\/uploads\/elementor\/thumbs\/Bernd-neu-3.0-q58rspsso3j1cg2fe9dlu6qrajoza52mz1fpvoswgs.webp?w=800&#038;ssl=1\" title=\"Bernd Pfandl\" alt=\"Bernd Pfandl\" loading=\"lazy\" \/>\t\t\t\t\t\t\t\t\t\t\t\t\t\t\t<\/div>\n\t\t\t\t<\/div>\n\t\t\t\t<div class=\"elementor-element elementor-element-705a90f elementor-widget elementor-widget-heading\" data-id=\"705a90f\" data-element_type=\"widget\" data-widget_type=\"heading.default\">\n\t\t\t\t<div class=\"elementor-widget-container\">\n\t\t\t\t\t<h3 class=\"elementor-heading-title elementor-size-default\">Cykler spontant<\/h3>\t\t\t\t<\/div>\n\t\t\t\t<\/div>\n\t\t\t\t<div class=\"elementor-element elementor-element-eeff869 elementor-widget elementor-widget-text-editor\" data-id=\"eeff869\" data-element_type=\"widget\" data-widget_type=\"text-editor.default\">\n\t\t\t\t<div class=\"elementor-widget-container\">\n\t\t\t\t\t\t\t\t\t<div class=\"page\" title=\"Side 20\"><div class=\"layoutArea\"><div class=\"column\"><p style=\"text-align: center;\">Cykelkrydsningssystemet i Murdalen f\u00f8lger ikke en fast rute som Murcykelstien,<br \/>I stedet kan du sammens\u00e6tte en tur, der passer perfekt til dig, afh\u00e6ngigt af vejrudsigten, dit konditionsniveau eller tidspunktet p\u00e5 dagen.<\/p><\/div><\/div><\/div>\t\t\t\t\t\t\t\t<\/div>\n\t\t\t\t<\/div>\n\t\t\t\t\t<\/div>\n\t\t\t\t<\/div>\n\t\t<div class=\"elementor-element elementor-element-957410c e-con-full e-flex e-con e-parent\" data-id=\"957410c\" data-element_type=\"container\">\n\t\t<div class=\"elementor-element elementor-element-a1d9d84 e-con-full e-flex e-con e-parent\" data-id=\"a1d9d84\" data-element_type=\"container\">\n\t\t\t\t<div class=\"elementor-element elementor-element-6ecad0a elementor-widget elementor-widget-image\" data-id=\"6ecad0a\" data-element_type=\"widget\" data-widget_type=\"image.default\">\n\t\t\t\t<div class=\"elementor-widget-container\">\n\t\t\t\t\t\t\t\t\t\t\t\t\t\t\t\t<a href=\"https:\/\/i0.wp.com\/camping50plus.com\/wp-content\/uploads\/2023\/04\/rad-4.webp?ssl=1\" data-elementor-open-lightbox=\"yes\" data-e-action-hash=\"#elementor-action%3Aaction%3Dlightbox%26settings%3DeyJpZCI6NDcxMSwidXJsIjoiaHR0cHM6XC9cL2NhbXBpbmc1MHBsdXMuY29tXC93cC1jb250ZW50XC91cGxvYWRzXC8yMDIzXC8wNFwvcmFkLTQud2VicCJ9\">\n\t\t\t\t\t\t\t<img fetchpriority=\"high\" decoding=\"async\" data-attachment-id=\"4711\" data-permalink=\"https:\/\/camping50plus.com\/da\/hjulknudepunktsystem\/rad-4\/\" data-orig-file=\"https:\/\/i0.wp.com\/camping50plus.com\/wp-content\/uploads\/2023\/04\/rad-4.webp?fit=945%2C588&amp;ssl=1\" data-orig-size=\"945,588\" data-comments-opened=\"1\" data-image-meta=\"{&quot;aperture&quot;:&quot;0&quot;,&quot;credit&quot;:&quot;&quot;,&quot;camera&quot;:&quot;&quot;,&quot;caption&quot;:&quot;&quot;,&quot;created_timestamp&quot;:&quot;0&quot;,&quot;copyright&quot;:&quot;&quot;,&quot;focal_length&quot;:&quot;0&quot;,&quot;iso&quot;:&quot;0&quot;,&quot;shutter_speed&quot;:&quot;0&quot;,&quot;title&quot;:&quot;&quot;,&quot;orientation&quot;:&quot;0&quot;}\" data-image-title=\"\u00d6sterreichs erstes Radknotensystem\" data-image-description=\"\" data-image-caption=\"&lt;p&gt;Unser Radknotensystem nach niederl\u00e4ndischen Vorbild erm\u00f6glicht es. Ihre Radtour individuell zu vergr\u00f6\u00dfern und zu verkleinern&lt;\/p&gt;\" data-medium-file=\"https:\/\/i0.wp.com\/camping50plus.com\/wp-content\/uploads\/2023\/04\/rad-4.webp?fit=300%2C187&amp;ssl=1\" data-large-file=\"https:\/\/i0.wp.com\/camping50plus.com\/wp-content\/uploads\/2023\/04\/rad-4.webp?fit=800%2C498&amp;ssl=1\" width=\"945\" height=\"588\" src=\"https:\/\/i0.wp.com\/camping50plus.com\/wp-content\/uploads\/2023\/04\/rad-4.webp?fit=945%2C588&amp;ssl=1\" class=\"attachment-full size-full wp-image-4711\" alt=\"\u00d8strigs f\u00f8rste hjulknudepunktsystem\" srcset=\"https:\/\/i0.wp.com\/camping50plus.com\/wp-content\/uploads\/2023\/04\/rad-4.webp?w=945&amp;ssl=1 945w, https:\/\/i0.wp.com\/camping50plus.com\/wp-content\/uploads\/2023\/04\/rad-4.webp?resize=300%2C187&amp;ssl=1 300w, https:\/\/i0.wp.com\/camping50plus.com\/wp-content\/uploads\/2023\/04\/rad-4.webp?resize=768%2C478&amp;ssl=1 768w\" sizes=\"(max-width: 800px) 100vw, 800px\" \/>\t\t\t\t\t\t\t\t<\/a>\n\t\t\t\t\t\t\t\t\t\t\t\t\t\t\t<\/div>\n\t\t\t\t<\/div>\n\t\t\t\t<\/div>\n\t\t<div class=\"elementor-element elementor-element-efb179f e-con-full e-flex e-con e-parent\" data-id=\"efb179f\" data-element_type=\"container\">\n\t\t\t\t<div class=\"elementor-element elementor-element-b5582b6 elementor-widget elementor-widget-image\" data-id=\"b5582b6\" data-element_type=\"widget\" data-widget_type=\"image.default\">\n\t\t\t\t<div class=\"elementor-widget-container\">\n\t\t\t\t\t\t\t\t\t\t\t\t\t\t\t\t<a href=\"https:\/\/i0.wp.com\/camping50plus.com\/wp-content\/uploads\/2023\/04\/rad-rainer.webp?ssl=1\" data-elementor-open-lightbox=\"yes\" data-e-action-hash=\"#elementor-action%3Aaction%3Dlightbox%26settings%3DeyJpZCI6NDcxMiwidXJsIjoiaHR0cHM6XC9cL2NhbXBpbmc1MHBsdXMuY29tXC93cC1jb250ZW50XC91cGxvYWRzXC8yMDIzXC8wNFwvcmFkLXJhaW5lci53ZWJwIn0%3D\">\n\t\t\t\t\t\t\t<img decoding=\"async\" src=\"https:\/\/i0.wp.com\/camping50plus.com\/wp-content\/uploads\/2023\/04\/rad-rainer.webp?fit=945%2C588&#038;ssl=1\" title=\"Campingplads med cykelknudepunktssystem\" alt=\"Campingplads med \u00d8strigs f\u00f8rste cykelkrydsningssystem\" loading=\"lazy\" \/>\t\t\t\t\t\t\t\t<\/a>\n\t\t\t\t\t\t\t\t\t\t\t\t\t\t\t<\/div>\n\t\t\t\t<\/div>\n\t\t\t\t<\/div>\n\t\t<div class=\"elementor-element elementor-element-b734b54 e-con-full e-flex e-con e-parent\" data-id=\"b734b54\" data-element_type=\"container\">\n\t\t\t\t<div class=\"elementor-element elementor-element-33e3f2b elementor-widget elementor-widget-image\" data-id=\"33e3f2b\" data-element_type=\"widget\" data-widget_type=\"image.default\">\n\t\t\t\t<div class=\"elementor-widget-container\">\n\t\t\t\t\t\t\t\t\t\t\t\t\t\t\t\t<a href=\"https:\/\/i0.wp.com\/camping50plus.com\/wp-content\/uploads\/2023\/04\/rainer2.webp?ssl=1\" data-elementor-open-lightbox=\"yes\" data-e-action-hash=\"#elementor-action%3Aaction%3Dlightbox%26settings%3DeyJpZCI6NDcxNywidXJsIjoiaHR0cHM6XC9cL2NhbXBpbmc1MHBsdXMuY29tXC93cC1jb250ZW50XC91cGxvYWRzXC8yMDIzXC8wNFwvcmFpbmVyMi53ZWJwIn0%3D\">\n\t\t\t\t\t\t\t<img decoding=\"async\" src=\"https:\/\/i0.wp.com\/camping50plus.com\/wp-content\/uploads\/2023\/04\/rainer2.webp?fit=945%2C588&#038;ssl=1\" title=\"Nimms Radl knudesystem til hjul\" alt=\"Nimms Radl knudesystem til hjul\" loading=\"lazy\" \/>\t\t\t\t\t\t\t\t<\/a>\n\t\t\t\t\t\t\t\t\t\t\t\t\t\t\t<\/div>\n\t\t\t\t<\/div>\n\t\t\t\t<\/div>\n\t\t<div class=\"elementor-element elementor-element-ee8a4d7 e-con-full e-flex e-con e-parent\" data-id=\"ee8a4d7\" data-element_type=\"container\">\n\t\t\t\t<div class=\"elementor-element elementor-element-019bb32 elementor-widget elementor-widget-image\" data-id=\"019bb32\" data-element_type=\"widget\" data-widget_type=\"image.default\">\n\t\t\t\t<div class=\"elementor-widget-container\">\n\t\t\t\t\t\t\t\t\t\t\t\t\t\t\t\t<a href=\"https:\/\/i0.wp.com\/camping50plus.com\/wp-content\/uploads\/2023\/04\/Verena-Weiss.webp?ssl=1\" data-elementor-open-lightbox=\"yes\" data-e-action-hash=\"#elementor-action%3Aaction%3Dlightbox%26settings%3DeyJpZCI6NDcyMSwidXJsIjoiaHR0cHM6XC9cL2NhbXBpbmc1MHBsdXMuY29tXC93cC1jb250ZW50XC91cGxvYWRzXC8yMDIzXC8wNFwvVmVyZW5hLVdlaXNzLndlYnAifQ%3D%3D\">\n\t\t\t\t\t\t\t<img decoding=\"async\" src=\"https:\/\/i0.wp.com\/camping50plus.com\/wp-content\/uploads\/2023\/04\/Verena-Weiss.webp?fit=945%2C588&#038;ssl=1\" title=\"Cykling i Steiermark\" alt=\"Cykling i Steiermark\" loading=\"lazy\" \/>\t\t\t\t\t\t\t\t<\/a>\n\t\t\t\t\t\t\t\t\t\t\t\t\t\t\t<\/div>\n\t\t\t\t<\/div>\n\t\t\t\t<\/div>\n\t\t\t\t<\/div>\n\t\t<div class=\"elementor-element elementor-element-550ad35 e-con-full e-flex e-con e-parent\" data-id=\"550ad35\" data-element_type=\"container\" data-settings=\"{&quot;background_background&quot;:&quot;classic&quot;}\">\n\t\t<div class=\"elementor-element elementor-element-4df383a e-con-full e-flex e-con e-parent\" data-id=\"4df383a\" data-element_type=\"container\">\n\t\t\t\t<div class=\"elementor-element elementor-element-efb1b62 elementor-widget elementor-widget-image\" data-id=\"efb1b62\" data-element_type=\"widget\" data-widget_type=\"image.default\">\n\t\t\t\t<div class=\"elementor-widget-container\">\n\t\t\t\t\t\t\t\t\t\t\t\t\t\t\t\t<a href=\"https:\/\/camping50plus.com\/da\/cykelture\/\">\n\t\t\t\t\t\t\t<img data-recalc-dims=\"1\" decoding=\"async\" src=\"https:\/\/i0.wp.com\/camping50plus.com\/wp-content\/uploads\/elementor\/thumbs\/radtouren-q5dr994ehtdd9iw3m6gx71ha4cc5oj2t7r2cuuark0.webp?w=800&#038;ssl=1\" title=\"Cykelture\" alt=\"Cykelture\" loading=\"lazy\" \/>\t\t\t\t\t\t\t\t<\/a>\n\t\t\t\t\t\t\t\t\t\t\t\t\t\t\t<\/div>\n\t\t\t\t<\/div>\n\t\t\t\t<div class=\"elementor-element elementor-element-01a49cf elementor-widget elementor-widget-heading\" data-id=\"01a49cf\" data-element_type=\"widget\" data-widget_type=\"heading.default\">\n\t\t\t\t<div class=\"elementor-widget-container\">\n\t\t\t\t\t<h2 class=\"elementor-heading-title elementor-size-default\"><a href=\"https:\/\/camping50plus.com\/da\/cykelture\/\">Cykler helt uafh\u00e6ngigt<\/a><\/h2>\t\t\t\t<\/div>\n\t\t\t\t<\/div>\n\t\t\t\t<div class=\"elementor-element elementor-element-7502141 elementor-widget elementor-widget-text-editor\" data-id=\"7502141\" data-element_type=\"widget\" data-widget_type=\"text-editor.default\">\n\t\t\t\t<div class=\"elementor-widget-container\">\n\t\t\t\t\t\t\t\t\t<div class=\"page\" title=\"Side 21\"><div class=\"layoutArea\"><div class=\"column\"><p style=\"text-align: center;\">Uanset om du har en cykel eller ej - Murtal er stedet for en ukompliceret cykelferie. For alt er der allerede: et system, hvor du kan navigere fra punkt til punkt og opleve nye eventyr hver dag. Lejecykler og mange kroer, hvor man kan stoppe undervejs. Med Nimm's Radl bliver din ferie hurtigt milj\u00f8venlig.<\/p><\/div><\/div><\/div>\t\t\t\t\t\t\t\t<\/div>\n\t\t\t\t<\/div>\n\t\t\t\t<div class=\"elementor-element elementor-element-ee3c716 elementor-widget elementor-widget-button\" data-id=\"ee3c716\" data-element_type=\"widget\" data-widget_type=\"button.default\">\n\t\t\t\t<div class=\"elementor-widget-container\">\n\t\t\t\t\t\t\t\t\t<div class=\"elementor-button-wrapper\">\n\t\t\t\t\t<a class=\"elementor-button elementor-button-link elementor-size-md elementor-animation-grow\" href=\"https:\/\/camping50plus.com\/da\/cykelture\/\">\n\t\t\t\t\t\t<span class=\"elementor-button-content-wrapper\">\n\t\t\t\t\t\t\t\t\t<span class=\"elementor-button-text\">Til cykelturene<\/span>\n\t\t\t\t\t<\/span>\n\t\t\t\t\t<\/a>\n\t\t\t\t<\/div>\n\t\t\t\t\t\t\t\t<\/div>\n\t\t\t\t<\/div>\n\t\t\t\t<\/div>\n\t\t<div class=\"elementor-element elementor-element-42039fb e-con-full e-flex e-con e-parent\" data-id=\"42039fb\" data-element_type=\"container\">\n\t\t\t\t<div class=\"elementor-element elementor-element-890aad0 elementor-widget elementor-widget-image\" data-id=\"890aad0\" data-element_type=\"widget\" data-widget_type=\"image.default\">\n\t\t\t\t<div class=\"elementor-widget-container\">\n\t\t\t\t\t\t\t\t\t\t\t\t\t\t\t\t<a href=\"https:\/\/camping50plus.com\/da\/cykelture\/\">\n\t\t\t\t\t\t\t<img decoding=\"async\" src=\"https:\/\/i0.wp.com\/camping50plus.com\/wp-content\/uploads\/2023\/04\/Radknotensystem-schluss.webp?fit=650%2C659&#038;ssl=1\" title=\"Cykling i Steiermark\" alt=\"Cykling i Steiermark\" loading=\"lazy\" \/>\t\t\t\t\t\t\t\t<\/a>\n\t\t\t\t\t\t\t\t\t\t\t\t\t\t\t<\/div>\n\t\t\t\t<\/div>\n\t\t\t\t<\/div>\n\t\t\t\t<\/div>\n\t\t\t\t<\/div>","protected":false},"excerpt":{"rendered":"<p>\u00d8strigs f\u00f8rste cykelknudepunktsystem Cykel individuelt Cykelknudepunktsystemet Nimms Radl i Mur-dalen starter, hvor du er. Hvis du f.eks. er i hum\u00f8r til en cykeltur efter morgenmaden, kan du starte direkte fra campingpladsen. Da cykelknudepunktsystemet er det f\u00f8rste af sin slags i \u00d8strig, har det brug for en kort brugsanvisning. Fordi [...]<\/p>","protected":false},"author":208767486,"featured_media":0,"parent":0,"menu_order":0,"comment_status":"closed","ping_status":"closed","template":"","meta":{"_coblocks_attr":"","_coblocks_dimensions":"","_coblocks_responsive_height":"","_coblocks_accordion_ie_support":"","_crdt_document":"","jetpack_post_was_ever_published":false,"footnotes":"","_wp_rev_ctl_limit":"2"},"class_list":["post-2589","page","type-page","status-publish","hentry"],"jetpack_likes_enabled":true,"jetpack_sharing_enabled":true,"jetpack_shortlink":"https:\/\/wp.me\/PddOD8-FL","_links":{"self":[{"href":"https:\/\/camping50plus.com\/da\/wp-json\/wp\/v2\/pages\/2589","targetHints":{"allow":["GET"]}}],"collection":[{"href":"https:\/\/camping50plus.com\/da\/wp-json\/wp\/v2\/pages"}],"about":[{"href":"https:\/\/camping50plus.com\/da\/wp-json\/wp\/v2\/types\/page"}],"author":[{"embeddable":true,"href":"https:\/\/camping50plus.com\/da\/wp-json\/wp\/v2\/users\/208767486"}],"replies":[{"embeddable":true,"href":"https:\/\/camping50plus.com\/da\/wp-json\/wp\/v2\/comments?post=2589"}],"version-history":[{"count":0,"href":"https:\/\/camping50plus.com\/da\/wp-json\/wp\/v2\/pages\/2589\/revisions"}],"wp:attachment":[{"href":"https:\/\/camping50plus.com\/da\/wp-json\/wp\/v2\/media?parent=2589"}],"curies":[{"name":"wp","href":"https:\/\/api.w.org\/{rel}","templated":true}]}}