{"id":15006,"date":"2025-12-22T18:00:31","date_gmt":"2025-12-22T17:00:31","guid":{"rendered":"https:\/\/camping50plus.com\/?page_id=15006"},"modified":"2025-12-23T11:39:32","modified_gmt":"2025-12-23T10:39:32","slug":"sanitaer-bygning","status":"publish","type":"page","link":"https:\/\/camping50plus.com\/da\/sanitaer-bygning\/","title":{"rendered":"Ny sanit\u00e6r bygning"},"content":{"rendered":"<div data-elementor-type=\"wp-page\" data-elementor-id=\"15006\" class=\"elementor elementor-15006\" data-elementor-post-type=\"page\">\n\t\t\t\t<div class=\"elementor-element elementor-element-5dda485d e-con-full e-flex e-con e-parent\" data-id=\"5dda485d\" data-element_type=\"container\" data-e-type=\"container\" data-settings=\"{&quot;background_background&quot;:&quot;classic&quot;}\">\n\t\t\t\t<div class=\"elementor-element elementor-element-0eb5767 elementor-icon-list--layout-inline elementor-mobile-align-end elementor-list-item-link-full_width elementor-widget elementor-widget-icon-list\" data-id=\"0eb5767\" data-element_type=\"widget\" data-e-type=\"widget\" data-widget_type=\"icon-list.default\">\n\t\t\t\t<div class=\"elementor-widget-container\">\n\t\t\t\t\t\t\t<ul class=\"elementor-icon-list-items elementor-inline-items\">\n\t\t\t\t\t\t\t<li class=\"elementor-icon-list-item elementor-inline-item\">\n\t\t\t\t\t\t\t\t\t\t<span class=\"elementor-icon-list-text\">Eksempel p\u00e5 billede\/stildesign<\/span>\n\t\t\t\t\t\t\t\t\t<\/li>\n\t\t\t\t\t\t<\/ul>\n\t\t\t\t\t\t<\/div>\n\t\t\t\t<\/div>\n\t\t\t\t<\/div>\n\t\t<div class=\"elementor-element elementor-element-39b7381c e-con-full e-flex e-con e-parent\" data-id=\"39b7381c\" data-element_type=\"container\" data-e-type=\"container\">\n\t\t\t\t<div class=\"elementor-element elementor-element-3a5bf8ce elementor-widget elementor-widget-heading\" data-id=\"3a5bf8ce\" data-element_type=\"widget\" data-e-type=\"widget\" data-widget_type=\"heading.default\">\n\t\t\t\t<div class=\"elementor-widget-container\">\n\t\t\t\t\t<h1 class=\"elementor-heading-title elementor-size-default\">Sanit\u00e6r bygning<\/h1>\t\t\t\t<\/div>\n\t\t\t\t<\/div>\n\t\t\t\t<div class=\"elementor-element elementor-element-61e6ba08 elementor-widget elementor-widget-heading\" data-id=\"61e6ba08\" data-element_type=\"widget\" data-e-type=\"widget\" data-widget_type=\"heading.default\">\n\t\t\t\t<div class=\"elementor-widget-container\">\n\t\t\t\t\t<h2 class=\"elementor-heading-title elementor-size-default\">Ny, moderne sanitetsbygning p\u00e5 50plus Campingpark Fisching<\/h2>\t\t\t\t<\/div>\n\t\t\t\t<\/div>\n\t\t\t\t<div class=\"elementor-element elementor-element-29293dfd elementor-widget elementor-widget-text-editor\" data-id=\"29293dfd\" data-element_type=\"widget\" data-e-type=\"widget\" data-widget_type=\"text-editor.default\">\n\t\t\t\t<div class=\"elementor-widget-container\">\n\t\t\t\t\t\t\t\t\t<p data-start=\"202\" data-end=\"517\">For at fejre vores 30-\u00e5rs jubil\u00e6um opf\u00f8rer vi en ny sanitetsbygning p\u00e5 50plus Campingpark Fisching, som er konsekvent designet til komfort, ro og klarhed.<br data-start=\"367\" data-end=\"370\" \/>Bygningen er gener\u00f8st planlagt og lyst designet og tilbyder <strong data-start=\"426\" data-end=\"451\">14 moderne badev\u00e6relser<\/strong>suppleret med <strong data-start=\"467\" data-end=\"514\">Rummelige toiletomr\u00e5der til m\u00e6nd og kvinder<\/strong>.<\/p><p data-start=\"519\" data-end=\"853\">A <strong data-start=\"523\" data-end=\"578\">Separat rum til opvask og t\u00f8jvask<\/strong> sikrer klare processer, mens <strong data-start=\"616\" data-end=\"673\">Lyst indgangsparti med tydelig information<\/strong> orientering og smelter harmonisk ind i campingparken.<br data-start=\"739\" data-end=\"742\" \/>Alt er funktionelt, af h\u00f8j kvalitet og bevidst st\u00f8jsvagt - til brug er det en selvf\u00f8lge.<\/p><div class=\"no-scrollbar flex min-h-36 flex-nowrap gap-0.5 overflow-auto sm:gap-1 sm:overflow-hidden xl:min-h-44 mt-1 mb-5 [&amp;:not(:first-child)]:mt-4\"><div class=\"border-token-border-default relative w-32 shrink-0 overflow-hidden rounded-xl border-[0.5px] md:shrink max-h-64 sm:w-[calc((100%-0.5rem)\/3)] rounded-s-xl\">\u00a0<\/div><\/div>\t\t\t\t\t\t\t\t<\/div>\n\t\t\t\t<\/div>\n\t\t\t\t<\/div>\n\t\t<div class=\"elementor-element elementor-element-17c7adb e-con-full e-flex e-con e-parent\" data-id=\"17c7adb\" data-element_type=\"container\" data-e-type=\"container\">\n\t\t<div class=\"elementor-element elementor-element-0cb601b e-con-full e-flex e-con e-child\" data-id=\"0cb601b\" data-element_type=\"container\" data-e-type=\"container\" data-settings=\"{&quot;background_background&quot;:&quot;classic&quot;}\">\n\t\t\t\t<div class=\"elementor-element elementor-element-826b3d3 elementor-widget elementor-widget-heading\" data-id=\"826b3d3\" data-element_type=\"widget\" data-e-type=\"widget\" data-widget_type=\"heading.default\">\n\t\t\t\t<div class=\"elementor-widget-container\">\n\t\t\t\t\t<h3 class=\"elementor-heading-title elementor-size-default\">Udlejning af badev\u00e6relse<\/h3>\t\t\t\t<\/div>\n\t\t\t\t<\/div>\n\t\t\t\t<div class=\"elementor-element elementor-element-5abf93a elementor-widget elementor-widget-text-editor\" data-id=\"5abf93a\" data-element_type=\"widget\" data-e-type=\"widget\" data-widget_type=\"text-editor.default\">\n\t\t\t\t<div class=\"elementor-widget-container\">\n\t\t\t\t\t\t\t\t\t<p data-start=\"1448\" data-end=\"1710\">For g\u00e6ster med s\u00e6rlige krav til komfort <strong data-start=\"1496\" data-end=\"1529\">Tre eksklusive badev\u00e6relser til udlejning<\/strong> tilg\u00e6ngelig.<br data-start=\"1544\" data-end=\"1547\" \/>De tilbyder en h\u00f8j grad af privatliv og er s\u00e6rligt velegnede til l\u00e6ngere ophold eller til alle, der \u00f8nsker at kombinere camping med ekstra komfort.<\/p><p data-start=\"1712\" data-end=\"1777\">De lejede badev\u00e6relser er afl\u00e5selige og udstyret med en h\u00f8j standard:<\/p><ul data-start=\"1778\" data-end=\"1891\"><li data-start=\"1778\" data-end=\"1797\"><p data-start=\"1780\" data-end=\"1797\">Gulvvarme<\/p><\/li><li data-start=\"1798\" data-end=\"1816\"><p data-start=\"1800\" data-end=\"1816\">XL h\u00e5ndvask<\/p><\/li><li data-start=\"1817\" data-end=\"1838\"><p data-start=\"1819\" data-end=\"1838\">Comfort XL-bruser<\/p><\/li><li data-start=\"1839\" data-end=\"1853\"><p data-start=\"1841\" data-end=\"1853\">Eget toilet<\/p><\/li><li data-start=\"1854\" data-end=\"1891\"><p data-start=\"1856\" data-end=\"1891\">Moderne friskluft- og udbl\u00e6sningssystem<\/p><\/li><\/ul><p data-start=\"1893\" data-end=\"1936\">Et plus for fred og ro og personlig frihed.<\/p>\t\t\t\t\t\t\t\t<\/div>\n\t\t\t\t<\/div>\n\t\t\t\t<\/div>\n\t\t<div class=\"elementor-element elementor-element-209dbdf e-con-full e-flex e-con e-child\" data-id=\"209dbdf\" data-element_type=\"container\" data-e-type=\"container\">\n\t\t\t\t<div class=\"elementor-element elementor-element-953523d elementor-widget elementor-widget-image\" data-id=\"953523d\" data-element_type=\"widget\" data-e-type=\"widget\" data-widget_type=\"image.default\">\n\t\t\t\t<div class=\"elementor-widget-container\">\n\t\t\t\t\t\t\t\t\t\t\t\t\t\t\t<img fetchpriority=\"high\" decoding=\"async\" data-attachment-id=\"15005\" data-permalink=\"https:\/\/camping50plus.com\/da\/?attachment_id=15005\" data-orig-file=\"https:\/\/i0.wp.com\/camping50plus.com\/wp-content\/uploads\/2025\/12\/e1cf11b3-0a53-e005-2fda-03b3dd24fe4d.jpg?fit=1200%2C332&amp;ssl=1\" data-orig-size=\"1200,332\" data-comments-opened=\"1\" data-image-meta=\"{&quot;aperture&quot;:&quot;0&quot;,&quot;credit&quot;:&quot;&quot;,&quot;camera&quot;:&quot;&quot;,&quot;caption&quot;:&quot;&quot;,&quot;created_timestamp&quot;:&quot;0&quot;,&quot;copyright&quot;:&quot;&quot;,&quot;focal_length&quot;:&quot;0&quot;,&quot;iso&quot;:&quot;0&quot;,&quot;shutter_speed&quot;:&quot;0&quot;,&quot;title&quot;:&quot;&quot;,&quot;orientation&quot;:&quot;0&quot;}\" data-image-title=\"e1cf11b3-0a53-e005-2fda-03b3dd24fe4d\" data-image-description=\"\" data-image-caption=\"\" data-large-file=\"https:\/\/i0.wp.com\/camping50plus.com\/wp-content\/uploads\/2025\/12\/e1cf11b3-0a53-e005-2fda-03b3dd24fe4d.jpg?fit=800%2C221&amp;ssl=1\" width=\"1200\" height=\"332\" src=\"https:\/\/i0.wp.com\/camping50plus.com\/wp-content\/uploads\/2025\/12\/e1cf11b3-0a53-e005-2fda-03b3dd24fe4d.jpg?fit=1200%2C332&amp;ssl=1\" class=\"attachment-1536x1536 size-1536x1536 wp-image-15005\" alt=\"\" srcset=\"https:\/\/i0.wp.com\/camping50plus.com\/wp-content\/uploads\/2025\/12\/e1cf11b3-0a53-e005-2fda-03b3dd24fe4d.jpg?w=1200&amp;ssl=1 1200w, https:\/\/i0.wp.com\/camping50plus.com\/wp-content\/uploads\/2025\/12\/e1cf11b3-0a53-e005-2fda-03b3dd24fe4d.jpg?resize=300%2C83&amp;ssl=1 300w, https:\/\/i0.wp.com\/camping50plus.com\/wp-content\/uploads\/2025\/12\/e1cf11b3-0a53-e005-2fda-03b3dd24fe4d.jpg?resize=1024%2C283&amp;ssl=1 1024w, https:\/\/i0.wp.com\/camping50plus.com\/wp-content\/uploads\/2025\/12\/e1cf11b3-0a53-e005-2fda-03b3dd24fe4d.jpg?resize=768%2C212&amp;ssl=1 768w, https:\/\/i0.wp.com\/camping50plus.com\/wp-content\/uploads\/2025\/12\/e1cf11b3-0a53-e005-2fda-03b3dd24fe4d.jpg?resize=18%2C5&amp;ssl=1 18w\" sizes=\"(max-width: 800px) 100vw, 800px\" \/>\t\t\t\t\t\t\t\t\t\t\t\t\t\t\t<\/div>\n\t\t\t\t<\/div>\n\t\t\t\t<\/div>\n\t\t\t\t<\/div>\n\t\t<div class=\"elementor-element elementor-element-4e5cc9a1 e-flex e-con-boxed e-con e-parent\" data-id=\"4e5cc9a1\" data-element_type=\"container\" data-e-type=\"container\" data-settings=\"{&quot;background_background&quot;:&quot;classic&quot;}\">\n\t\t\t\t\t<div class=\"e-con-inner\">\n\t\t\t\t<div class=\"elementor-element elementor-element-388262ab elementor-widget elementor-widget-image\" data-id=\"388262ab\" data-element_type=\"widget\" data-e-type=\"widget\" data-widget_type=\"image.default\">\n\t\t\t\t<div class=\"elementor-widget-container\">\n\t\t\t\t\t\t\t\t\t\t\t\t\t\t\t<img data-recalc-dims=\"1\" decoding=\"async\" src=\"https:\/\/i0.wp.com\/camping50plus.com\/wp-content\/uploads\/elementor\/thumbs\/Bernd-neu-3.0-q58rspsso3j1cg2fe9dlu6qrajoza52mz1fpvoswgs.webp?w=800&#038;ssl=1\" title=\"Bernd Pfandl\" alt=\"Bernd Pfandl\" loading=\"lazy\" \/>\t\t\t\t\t\t\t\t\t\t\t\t\t\t\t<\/div>\n\t\t\t\t<\/div>\n\t\t\t\t<div class=\"elementor-element elementor-element-2fce5661 elementor-widget elementor-widget-heading\" data-id=\"2fce5661\" data-element_type=\"widget\" data-e-type=\"widget\" data-widget_type=\"heading.default\">\n\t\t\t\t<div class=\"elementor-widget-container\">\n\t\t\t\t\t<h2 class=\"elementor-heading-title elementor-size-default\">Kvalitet er en bevidst beslutning<\/h2>\t\t\t\t<\/div>\n\t\t\t\t<\/div>\n\t\t\t\t<div class=\"elementor-element elementor-element-7e64221 elementor-widget elementor-widget-text-editor\" data-id=\"7e64221\" data-element_type=\"widget\" data-e-type=\"widget\" data-widget_type=\"text-editor.default\">\n\t\t\t\t<div class=\"elementor-widget-container\">\n\t\t\t\t\t\t\t\t\t<p data-start=\"2016\" data-end=\"2073\">\"Vi investerer bevidst i kvalitet - for vores g\u00e6ster.\"<\/p><p data-start=\"2075\" data-end=\"2251\">Opf\u00f8relsen af den nye sanitetsbygning er en del af vores langsigtede udvikling.<br data-start=\"2149\" data-end=\"2152\" \/>Ikke mere udbud, men <strong data-start=\"2180\" data-end=\"2205\">Bedre infrastruktur<\/strong>hvilket g\u00f8r dit ophold betydeligt mere behageligt.<\/p><p data-start=\"2253\" data-end=\"2402\">Denne investering st\u00e5r for v\u00e6rdi, p\u00e5lidelighed og en campingplads, der konsekvent er orienteret mod voksne g\u00e6sters behov.<\/p>\t\t\t\t\t\t\t\t<\/div>\n\t\t\t\t<\/div>\n\t\t\t\t\t<\/div>\n\t\t\t\t<\/div>\n\t\t<div class=\"elementor-element elementor-element-577bf0e0 e-con-full e-flex e-con e-parent\" data-id=\"577bf0e0\" data-element_type=\"container\" data-e-type=\"container\">\n\t\t<div class=\"elementor-element elementor-element-783dbbde e-con-full e-flex e-con e-child\" data-id=\"783dbbde\" data-element_type=\"container\" data-e-type=\"container\" data-settings=\"{&quot;background_background&quot;:&quot;classic&quot;}\">\n\t\t\t\t<div class=\"elementor-element elementor-element-21dc6a5d elementor-widget elementor-widget-heading\" data-id=\"21dc6a5d\" data-element_type=\"widget\" data-e-type=\"widget\" data-widget_type=\"heading.default\">\n\t\t\t\t<div class=\"elementor-widget-container\">\n\t\t\t\t\t<h3 class=\"elementor-heading-title elementor-size-default\">170 m\u00b2 parkeringspladser med panoramaudsigt<\/h3>\t\t\t\t<\/div>\n\t\t\t\t<\/div>\n\t\t\t\t<div class=\"elementor-element elementor-element-780b78e3 elementor-widget elementor-widget-text-editor\" data-id=\"780b78e3\" data-element_type=\"widget\" data-e-type=\"widget\" data-widget_type=\"text-editor.default\">\n\t\t\t\t<div class=\"elementor-widget-container\">\n\t\t\t\t\t\t\t\t\t<p data-start=\"1655\" data-end=\"1937\">Nye vil blive bygget til starten af 2026-s\u00e6sonen <strong data-start=\"1691\" data-end=\"1728\">170 m\u00b2 panoramiske pladser<\/strong> lige ved siden af sanitetsbygningen.<br data-start=\"1761\" data-end=\"1764\" \/>Pladserne har <strong data-start=\"1794\" data-end=\"1880\">16 ampere str\u00f8m, tilslutning til ferskvand og spildevand direkte p\u00e5 pladsen og stabilt WLAN<\/strong> og tilbyder en uhindret udsigt over Murtal-bjergene.<\/p><p data-start=\"1939\" data-end=\"1996\">Mere plads, mere afstand og en betydelig for\u00f8gelse af fred og ro.<\/p>\t\t\t\t\t\t\t\t<\/div>\n\t\t\t\t<\/div>\n\t\t\t\t<\/div>\n\t\t<div class=\"elementor-element elementor-element-73ea3684 e-con-full e-flex e-con e-child\" data-id=\"73ea3684\" data-element_type=\"container\" data-e-type=\"container\">\n\t\t\t\t<div class=\"elementor-element elementor-element-2191776b elementor-widget elementor-widget-image\" data-id=\"2191776b\" data-element_type=\"widget\" data-e-type=\"widget\" data-widget_type=\"image.default\">\n\t\t\t\t<div class=\"elementor-widget-container\">\n\t\t\t\t\t\t\t\t\t\t\t\t\t\t\t<img decoding=\"async\" data-attachment-id=\"15025\" data-permalink=\"https:\/\/camping50plus.com\/da\/sanitaer-bygning\/505427502_18473727208073327_8094936889495967810_n\/\" data-orig-file=\"https:\/\/i0.wp.com\/camping50plus.com\/wp-content\/uploads\/2025\/12\/505427502_18473727208073327_8094936889495967810_n.webp?fit=1080%2C720&amp;ssl=1\" data-orig-size=\"1080,720\" data-comments-opened=\"1\" data-image-meta=\"{&quot;aperture&quot;:&quot;0&quot;,&quot;credit&quot;:&quot;&quot;,&quot;camera&quot;:&quot;&quot;,&quot;caption&quot;:&quot;&quot;,&quot;created_timestamp&quot;:&quot;0&quot;,&quot;copyright&quot;:&quot;&quot;,&quot;focal_length&quot;:&quot;0&quot;,&quot;iso&quot;:&quot;0&quot;,&quot;shutter_speed&quot;:&quot;0&quot;,&quot;title&quot;:&quot;&quot;,&quot;orientation&quot;:&quot;0&quot;}\" data-image-title=\"505427502_18473727208073327_8094936889495967810_n\" data-image-description=\"\" data-image-caption=\"\" data-large-file=\"https:\/\/i0.wp.com\/camping50plus.com\/wp-content\/uploads\/2025\/12\/505427502_18473727208073327_8094936889495967810_n.webp?fit=800%2C534&amp;ssl=1\" width=\"720\" height=\"720\" src=\"https:\/\/i0.wp.com\/camping50plus.com\/wp-content\/uploads\/2025\/12\/505427502_18473727208073327_8094936889495967810_n.webp?fit=720%2C720&amp;ssl=1\" class=\"attachment-1536x1536 size-1536x1536 wp-image-15025\" alt=\"\" \/>\t\t\t\t\t\t\t\t\t\t\t\t\t\t\t<\/div>\n\t\t\t\t<\/div>\n\t\t\t\t<\/div>\n\t\t\t\t<\/div>\n\t\t\t\t<\/div>","protected":false},"excerpt":{"rendered":"<p>Musterbild \/Style Entwurf Sanit\u00e4rgeb\u00e4ude Neues, modernes Sanit\u00e4rgeb\u00e4ude im 50plus Campingpark Fisching Zum 30-j\u00e4hrigen Bestehen errichten wir im 50plus Campingpark Fisching ein neues Sanit\u00e4rgeb\u00e4ude, das konsequent auf Komfort, Ruhe und \u00dcbersichtlichkeit ausgelegt ist.Gro\u00dfz\u00fcgig geplant und hell gestaltet bietet das Geb\u00e4ude 14 moderne Badezimmer, erg\u00e4nzt durch gro\u00dfz\u00fcgige WC-Bereiche f\u00fcr Damen und Herren. Ein separater Raum zum Geschirrsp\u00fclen [&hellip;]<\/p>","protected":false},"author":208767488,"featured_media":0,"parent":0,"menu_order":0,"comment_status":"closed","ping_status":"closed","template":"","meta":{"_coblocks_attr":"","_coblocks_dimensions":"","_coblocks_responsive_height":"","_coblocks_accordion_ie_support":"","_crdt_document":"","footnotes":"","_wp_rev_ctl_limit":""},"class_list":["post-15006","page","type-page","status-publish","hentry"],"jetpack_likes_enabled":true,"jetpack_sharing_enabled":true,"jetpack_shortlink":"https:\/\/wp.me\/PddOD8-3U2","_links":{"self":[{"href":"https:\/\/camping50plus.com\/da\/wp-json\/wp\/v2\/pages\/15006","targetHints":{"allow":["GET"]}}],"collection":[{"href":"https:\/\/camping50plus.com\/da\/wp-json\/wp\/v2\/pages"}],"about":[{"href":"https:\/\/camping50plus.com\/da\/wp-json\/wp\/v2\/types\/page"}],"author":[{"embeddable":true,"href":"https:\/\/camping50plus.com\/da\/wp-json\/wp\/v2\/users\/208767488"}],"replies":[{"embeddable":true,"href":"https:\/\/camping50plus.com\/da\/wp-json\/wp\/v2\/comments?post=15006"}],"version-history":[{"count":20,"href":"https:\/\/camping50plus.com\/da\/wp-json\/wp\/v2\/pages\/15006\/revisions"}],"predecessor-version":[{"id":15066,"href":"https:\/\/camping50plus.com\/da\/wp-json\/wp\/v2\/pages\/15006\/revisions\/15066"}],"wp:attachment":[{"href":"https:\/\/camping50plus.com\/da\/wp-json\/wp\/v2\/media?parent=15006"}],"curies":[{"name":"wp","href":"https:\/\/api.w.org\/{rel}","templated":true}]}}